{"id":969,"date":"2021-02-15T00:49:43","date_gmt":"2021-02-15T00:49:43","guid":{"rendered":"https:\/\/quarty-demo.bslthemes.com\/?page_id=969"},"modified":"2025-12-24T10:41:55","modified_gmt":"2025-12-24T07:41:55","slug":"portfolio-fullscreen-grid-3-col","status":"publish","type":"page","link":"https:\/\/simagroup.tr\/steelco\/portfolio-fullscreen-grid-3-col\/","title":{"rendered":"Portfolio (Fullscreen Grid 3 Col)"},"content":{"rendered":"\t\t<div data-elementor-type=\"wp-page\" data-elementor-id=\"969\" class=\"elementor elementor-969\" data-elementor-settings=\"{&quot;ha_cmc_init_switcher&quot;:&quot;no&quot;}\" data-elementor-post-type=\"page\">\n\t\t\t\t\t\t<section class=\"elementor-section elementor-top-section elementor-element elementor-element-52b3c17 elementor-section-full_width elementor-section-height-default elementor-section-height-default\" data-id=\"52b3c17\" data-element_type=\"section\" data-settings=\"{&quot;_ha_eqh_enable&quot;:false}\">\n\t\t\t\t\t\t<div class=\"elementor-container elementor-column-gap-no\">\n\t\t\t\t\t<div class=\"elementor-column elementor-col-100 elementor-top-column elementor-element elementor-element-bb186ce\" data-id=\"bb186ce\" data-element_type=\"column\">\n\t\t\t<div class=\"elementor-widget-wrap elementor-element-populated\">\n\t\t\t\t\t\t<div class=\"elementor-element elementor-element-b5f60cb elementor-widget elementor-widget-quarty-portfolio\" data-id=\"b5f60cb\" data-element_type=\"widget\" data-widget_type=\"quarty-portfolio.default\">\n\t\t\t\t<div class=\"elementor-widget-container\">\n\t\t\t\t\t\n\t\t<div class=\"qrt-section qrt-section-sf\">\n\t\t\t\t\t\t<div class=\"row\">\n\t\t\t  <div class=\"col-lg-12\">\n\t\t\t    <h3 class=\"qrt-mb-40 qrt-title-h\">\n\t\t\t    \t<span >\n\t\t          \t\tPortfolio\t\t        \t<\/span>\n\t\t\t    <\/h3>\n\t\t\t  <\/div>\n\t\t\t<\/div>\n\t\t\t\n\t\t\t\t\t\t<div class=\"qrt-filter qrt-mb-40\">\n              <a href=\"#\" data-filter=\"*\" class=\"qrt-work-category qrt-current qrt-filter-icon qrt-cursor-color qrt-cursor-scale\"><i class=\"fas fa-filter\"><\/i>All Categories<\/a>\n                            <a href=\"#\" data-filter=\".category-repair\" class=\"qrt-work-category qrt-cursor-color qrt-cursor-scale\">Haz\u0131rl\u0131k A\u015famas\u0131ndakiler<\/a>\n                          <\/div>\n            \n                        <div class=\"qrt-masonry-grid qrt-mb-40 qrt-grid-3-col qrt-gallery\">\n\n              <div class=\"qrt-grid-sizer\"><\/div>\n\n                           \t\n\n<div class=\"qrt-masonry-grid-item qrt-masonry-grid-item-50 category-repair \">\n  <div class=\"qrt-work-item\">\n        <a  data-magnific-gallery data-no-swup data-elementor-lightbox-slideshow=\"gallery\" data-elementor-lightbox-title=\"TEMKA CAM FABR\u0130KASI\" href=\"https:\/\/simagroup.tr\/steelco\/wp-content\/uploads\/2026\/03\/e2533bfe-db74-4c3d-b5fd-4ce485deca60.jpg\" class=\"qrt-cursor-scale qrt-work-cover-frame\">\n      <img decoding=\"async\" src=\"https:\/\/simagroup.tr\/steelco\/wp-content\/uploads\/2026\/03\/e2533bfe-db74-4c3d-b5fd-4ce485deca60.jpg\" alt=\"TEMKA CAM FABR\u0130KASI\">\n      <div class=\"qrt-item-zoom qrt-cursor-color\"><i class=\"fas fa-expand\"><\/i><\/div>\n      <div class=\"qrt-work-category\"><span>Haz\u0131rl\u0131k A\u015famas\u0131ndakiler <\/span><\/div>\n    <\/a>\n        <div class=\"qrt-work-descr\">\n            <h4 class=\"qrt-cursor-color qrt-white\">\n        <a href=\"https:\/\/simagroup.tr\/steelco\/portfolio\/item\/temka-cam-fabrikasi\/\" class=\"qrt-anima-link\">TEMKA CAM FABR\u0130KASI<\/a>\n      <\/h4>\n            <a href=\"https:\/\/simagroup.tr\/steelco\/portfolio\/item\/temka-cam-fabrikasi\/\" class=\"qrt-cursor-scale qrt-work-more qrt-anima-link\"><i class=\"fas fa-arrow-right\"><\/i><\/a>\n    <\/div>\n  <\/div>\n<\/div>          \t               \t\n\n<div class=\"qrt-masonry-grid-item qrt-masonry-grid-item-50 category-repair \">\n  <div class=\"qrt-work-item\">\n        <a  data-magnific-gallery data-no-swup data-elementor-lightbox-slideshow=\"gallery\" data-elementor-lightbox-title=\"l\u00fcx istanbul\" href=\"https:\/\/simagroup.tr\/steelco\/wp-content\/uploads\/2026\/03\/IMG-20250129-WA0016.jpg\" class=\"qrt-cursor-scale qrt-work-cover-frame\">\n      <img decoding=\"async\" src=\"https:\/\/simagroup.tr\/steelco\/wp-content\/uploads\/2026\/03\/IMG-20250129-WA0016.jpg\" alt=\"l\u00fcx istanbul\">\n      <div class=\"qrt-item-zoom qrt-cursor-color\"><i class=\"fas fa-expand\"><\/i><\/div>\n      <div class=\"qrt-work-category\"><span>Haz\u0131rl\u0131k A\u015famas\u0131ndakiler <\/span><\/div>\n    <\/a>\n        <div class=\"qrt-work-descr\">\n            <h4 class=\"qrt-cursor-color qrt-white\">\n        <a href=\"https:\/\/simagroup.tr\/steelco\/portfolio\/item\/lux-istanbul\/\" class=\"qrt-anima-link\">l\u00fcx istanbul<\/a>\n      <\/h4>\n            <a href=\"https:\/\/simagroup.tr\/steelco\/portfolio\/item\/lux-istanbul\/\" class=\"qrt-cursor-scale qrt-work-more qrt-anima-link\"><i class=\"fas fa-arrow-right\"><\/i><\/a>\n    <\/div>\n  <\/div>\n<\/div>          \t               \t\n\n<div class=\"qrt-masonry-grid-item qrt-masonry-grid-item-50 category-repair \">\n  <div class=\"qrt-work-item\">\n        <a  data-magnific-gallery data-no-swup data-elementor-lightbox-slideshow=\"gallery\" data-elementor-lightbox-title=\"kad\u0131o\u011flu pelitli\" href=\"https:\/\/simagroup.tr\/steelco\/wp-content\/uploads\/2026\/03\/WhatsApp-Gorsel-2025-07-01-saat-15.57.55_332ad7d0.jpg\" class=\"qrt-cursor-scale qrt-work-cover-frame\">\n      <img decoding=\"async\" src=\"https:\/\/simagroup.tr\/steelco\/wp-content\/uploads\/2026\/03\/WhatsApp-Gorsel-2025-07-01-saat-15.57.55_332ad7d0.jpg\" alt=\"kad\u0131o\u011flu pelitli\">\n      <div class=\"qrt-item-zoom qrt-cursor-color\"><i class=\"fas fa-expand\"><\/i><\/div>\n      <div class=\"qrt-work-category\"><span>Haz\u0131rl\u0131k A\u015famas\u0131ndakiler <\/span><\/div>\n    <\/a>\n        <div class=\"qrt-work-descr\">\n            <h4 class=\"qrt-cursor-color qrt-white\">\n        <a href=\"https:\/\/simagroup.tr\/steelco\/portfolio\/item\/kadioglu-pelitli\/\" class=\"qrt-anima-link\">kad\u0131o\u011flu pelitli<\/a>\n      <\/h4>\n            <a href=\"https:\/\/simagroup.tr\/steelco\/portfolio\/item\/kadioglu-pelitli\/\" class=\"qrt-cursor-scale qrt-work-more qrt-anima-link\"><i class=\"fas fa-arrow-right\"><\/i><\/a>\n    <\/div>\n  <\/div>\n<\/div>          \t               \t\n\n<div class=\"qrt-masonry-grid-item qrt-masonry-grid-item-50 category-repair \">\n  <div class=\"qrt-work-item\">\n        <a  data-magnific-gallery data-no-swup data-elementor-lightbox-slideshow=\"gallery\" data-elementor-lightbox-title=\"G\u00dcRYAPI BURSA FERROKROM \u015eANT\u0130YES\u0130\" href=\"https:\/\/simagroup.tr\/steelco\/wp-content\/uploads\/2026\/03\/1b5393ca-bdee-4834-9f61-e0d381758c0c.jpg\" class=\"qrt-cursor-scale qrt-work-cover-frame\">\n      <img decoding=\"async\" src=\"https:\/\/simagroup.tr\/steelco\/wp-content\/uploads\/2026\/03\/1b5393ca-bdee-4834-9f61-e0d381758c0c.jpg\" alt=\"G\u00dcRYAPI BURSA FERROKROM \u015eANT\u0130YES\u0130\">\n      <div class=\"qrt-item-zoom qrt-cursor-color\"><i class=\"fas fa-expand\"><\/i><\/div>\n      <div class=\"qrt-work-category\"><span>Haz\u0131rl\u0131k A\u015famas\u0131ndakiler <\/span><\/div>\n    <\/a>\n        <div class=\"qrt-work-descr\">\n            <h4 class=\"qrt-cursor-color qrt-white\">\n        <a href=\"https:\/\/simagroup.tr\/steelco\/portfolio\/item\/guryapi-bursa-ferrokrom-santiyesi\/\" class=\"qrt-anima-link\">G\u00dcRYAPI BURSA FERROKROM \u015eANT\u0130YES\u0130<\/a>\n      <\/h4>\n            <a href=\"https:\/\/simagroup.tr\/steelco\/portfolio\/item\/guryapi-bursa-ferrokrom-santiyesi\/\" class=\"qrt-cursor-scale qrt-work-more qrt-anima-link\"><i class=\"fas fa-arrow-right\"><\/i><\/a>\n    <\/div>\n  <\/div>\n<\/div>          \t               \t\n\n<div class=\"qrt-masonry-grid-item qrt-masonry-grid-item-50 category-repair \">\n  <div class=\"qrt-work-item\">\n        <a  data-magnific-gallery data-no-swup data-elementor-lightbox-slideshow=\"gallery\" data-elementor-lightbox-title=\"g\u00fcrsoy black krom\" href=\"https:\/\/simagroup.tr\/steelco\/wp-content\/uploads\/2026\/03\/deneme.jpg\" class=\"qrt-cursor-scale qrt-work-cover-frame\">\n      <img decoding=\"async\" src=\"https:\/\/simagroup.tr\/steelco\/wp-content\/uploads\/2026\/03\/deneme.jpg\" alt=\"g\u00fcrsoy black krom\">\n      <div class=\"qrt-item-zoom qrt-cursor-color\"><i class=\"fas fa-expand\"><\/i><\/div>\n      <div class=\"qrt-work-category\"><span>Haz\u0131rl\u0131k A\u015famas\u0131ndakiler <\/span><\/div>\n    <\/a>\n        <div class=\"qrt-work-descr\">\n            <h4 class=\"qrt-cursor-color qrt-white\">\n        <a href=\"https:\/\/simagroup.tr\/steelco\/portfolio\/item\/gursoy-black-krom\/\" class=\"qrt-anima-link\">g\u00fcrsoy black krom<\/a>\n      <\/h4>\n            <a href=\"https:\/\/simagroup.tr\/steelco\/portfolio\/item\/gursoy-black-krom\/\" class=\"qrt-cursor-scale qrt-work-more qrt-anima-link\"><i class=\"fas fa-arrow-right\"><\/i><\/a>\n    <\/div>\n  <\/div>\n<\/div>          \t               \t\n\n<div class=\"qrt-masonry-grid-item qrt-masonry-grid-item-50 category-repair \">\n  <div class=\"qrt-work-item\">\n        <a  data-magnific-gallery data-no-swup data-elementor-lightbox-slideshow=\"gallery\" data-elementor-lightbox-title=\"g\u00fcng\u00f6ren millet bah\u00e7esi\" href=\"https:\/\/simagroup.tr\/steelco\/wp-content\/uploads\/2026\/03\/Ekran-Alintisi-1.jpg\" class=\"qrt-cursor-scale qrt-work-cover-frame\">\n      <img decoding=\"async\" src=\"https:\/\/simagroup.tr\/steelco\/wp-content\/uploads\/2026\/03\/Ekran-Alintisi-1.jpg\" alt=\"g\u00fcng\u00f6ren millet bah\u00e7esi\">\n      <div class=\"qrt-item-zoom qrt-cursor-color\"><i class=\"fas fa-expand\"><\/i><\/div>\n      <div class=\"qrt-work-category\"><span>Haz\u0131rl\u0131k A\u015famas\u0131ndakiler <\/span><\/div>\n    <\/a>\n        <div class=\"qrt-work-descr\">\n            <h4 class=\"qrt-cursor-color qrt-white\">\n        <a href=\"https:\/\/simagroup.tr\/steelco\/portfolio\/item\/gungoren-millet-bahcesi\/\" class=\"qrt-anima-link\">g\u00fcng\u00f6ren millet bah\u00e7esi<\/a>\n      <\/h4>\n            <a href=\"https:\/\/simagroup.tr\/steelco\/portfolio\/item\/gungoren-millet-bahcesi\/\" class=\"qrt-cursor-scale qrt-work-more qrt-anima-link\"><i class=\"fas fa-arrow-right\"><\/i><\/a>\n    <\/div>\n  <\/div>\n<\/div>          \t               \t\n\n<div class=\"qrt-masonry-grid-item qrt-masonry-grid-item-50 category-repair \">\n  <div class=\"qrt-work-item\">\n        <a  data-magnific-gallery data-no-swup data-elementor-lightbox-slideshow=\"gallery\" data-elementor-lightbox-title=\"FEREL METAL CUMAK\u00d6Y\" href=\"https:\/\/simagroup.tr\/steelco\/wp-content\/uploads\/2026\/03\/PHOTO-2023-03-06-18-56-176.jpg\" class=\"qrt-cursor-scale qrt-work-cover-frame\">\n      <img decoding=\"async\" src=\"https:\/\/simagroup.tr\/steelco\/wp-content\/uploads\/2026\/03\/PHOTO-2023-03-06-18-56-176.jpg\" alt=\"FEREL METAL CUMAK\u00d6Y\">\n      <div class=\"qrt-item-zoom qrt-cursor-color\"><i class=\"fas fa-expand\"><\/i><\/div>\n      <div class=\"qrt-work-category\"><span>Haz\u0131rl\u0131k A\u015famas\u0131ndakiler <\/span><\/div>\n    <\/a>\n        <div class=\"qrt-work-descr\">\n            <h4 class=\"qrt-cursor-color qrt-white\">\n        <a href=\"https:\/\/simagroup.tr\/steelco\/portfolio\/item\/ferel-metal-cumakoy\/\" class=\"qrt-anima-link\">FEREL METAL CUMAK\u00d6Y<\/a>\n      <\/h4>\n            <a href=\"https:\/\/simagroup.tr\/steelco\/portfolio\/item\/ferel-metal-cumakoy\/\" class=\"qrt-cursor-scale qrt-work-more qrt-anima-link\"><i class=\"fas fa-arrow-right\"><\/i><\/a>\n    <\/div>\n  <\/div>\n<\/div>          \t               \t\n\n<div class=\"qrt-masonry-grid-item qrt-masonry-grid-item-50 category-repair \">\n  <div class=\"qrt-work-item\">\n        <a  data-magnific-gallery data-no-swup data-elementor-lightbox-slideshow=\"gallery\" data-elementor-lightbox-title=\"ferel metal\" href=\"https:\/\/simagroup.tr\/steelco\/wp-content\/uploads\/2026\/03\/metall.png\" class=\"qrt-cursor-scale qrt-work-cover-frame\">\n      <img decoding=\"async\" src=\"https:\/\/simagroup.tr\/steelco\/wp-content\/uploads\/2026\/03\/metall.png\" alt=\"ferel metal\">\n      <div class=\"qrt-item-zoom qrt-cursor-color\"><i class=\"fas fa-expand\"><\/i><\/div>\n      <div class=\"qrt-work-category\"><span>Haz\u0131rl\u0131k A\u015famas\u0131ndakiler <\/span><\/div>\n    <\/a>\n        <div class=\"qrt-work-descr\">\n            <h4 class=\"qrt-cursor-color qrt-white\">\n        <a href=\"https:\/\/simagroup.tr\/steelco\/portfolio\/item\/ferel-metal\/\" class=\"qrt-anima-link\">ferel metal<\/a>\n      <\/h4>\n            <a href=\"https:\/\/simagroup.tr\/steelco\/portfolio\/item\/ferel-metal\/\" class=\"qrt-cursor-scale qrt-work-more qrt-anima-link\"><i class=\"fas fa-arrow-right\"><\/i><\/a>\n    <\/div>\n  <\/div>\n<\/div>          \t               \t\n\n<div class=\"qrt-masonry-grid-item qrt-masonry-grid-item-50 category-repair \">\n  <div class=\"qrt-work-item\">\n        <a  data-magnific-gallery data-no-swup data-elementor-lightbox-slideshow=\"gallery\" data-elementor-lightbox-title=\"EMA \u00c7EL\u0130K H\u00dcSEY\u0130NL\u0130\" href=\"https:\/\/simagroup.tr\/steelco\/wp-content\/uploads\/2026\/03\/PHOTO-2023-12-19-12-08-51.jpg\" class=\"qrt-cursor-scale qrt-work-cover-frame\">\n      <img decoding=\"async\" src=\"https:\/\/simagroup.tr\/steelco\/wp-content\/uploads\/2026\/03\/PHOTO-2023-12-19-12-08-51.jpg\" alt=\"EMA \u00c7EL\u0130K H\u00dcSEY\u0130NL\u0130\">\n      <div class=\"qrt-item-zoom qrt-cursor-color\"><i class=\"fas fa-expand\"><\/i><\/div>\n      <div class=\"qrt-work-category\"><span>Haz\u0131rl\u0131k A\u015famas\u0131ndakiler <\/span><\/div>\n    <\/a>\n        <div class=\"qrt-work-descr\">\n            <h4 class=\"qrt-cursor-color qrt-white\">\n        <a href=\"https:\/\/simagroup.tr\/steelco\/portfolio\/item\/ema-celik-huseyinli\/\" class=\"qrt-anima-link\">EMA \u00c7EL\u0130K H\u00dcSEY\u0130NL\u0130<\/a>\n      <\/h4>\n            <a href=\"https:\/\/simagroup.tr\/steelco\/portfolio\/item\/ema-celik-huseyinli\/\" class=\"qrt-cursor-scale qrt-work-more qrt-anima-link\"><i class=\"fas fa-arrow-right\"><\/i><\/a>\n    <\/div>\n  <\/div>\n<\/div>          \t               \t\n\n<div class=\"qrt-masonry-grid-item qrt-masonry-grid-item-50 category-repair \">\n  <div class=\"qrt-work-item\">\n        <a  data-magnific-gallery data-no-swup data-elementor-lightbox-slideshow=\"gallery\" data-elementor-lightbox-title=\"EFOR \u00c7EL\u0130KER \u00c7EL\u0130K\" href=\"https:\/\/simagroup.tr\/steelco\/wp-content\/uploads\/2026\/03\/2e31ab33-f65c-46c6-bab4-d8e39023b83f.jpg\" class=\"qrt-cursor-scale qrt-work-cover-frame\">\n      <img decoding=\"async\" src=\"https:\/\/simagroup.tr\/steelco\/wp-content\/uploads\/2026\/03\/2e31ab33-f65c-46c6-bab4-d8e39023b83f.jpg\" alt=\"EFOR \u00c7EL\u0130KER \u00c7EL\u0130K\">\n      <div class=\"qrt-item-zoom qrt-cursor-color\"><i class=\"fas fa-expand\"><\/i><\/div>\n      <div class=\"qrt-work-category\"><span>Haz\u0131rl\u0131k A\u015famas\u0131ndakiler <\/span><\/div>\n    <\/a>\n        <div class=\"qrt-work-descr\">\n            <h4 class=\"qrt-cursor-color qrt-white\">\n        <a href=\"https:\/\/simagroup.tr\/steelco\/portfolio\/item\/efor-celiker-celik\/\" class=\"qrt-anima-link\">EFOR \u00c7EL\u0130KER \u00c7EL\u0130K<\/a>\n      <\/h4>\n            <a href=\"https:\/\/simagroup.tr\/steelco\/portfolio\/item\/efor-celiker-celik\/\" class=\"qrt-cursor-scale qrt-work-more qrt-anima-link\"><i class=\"fas fa-arrow-right\"><\/i><\/a>\n    <\/div>\n  <\/div>\n<\/div>          \t               \t\n\n<div class=\"qrt-masonry-grid-item qrt-masonry-grid-item-50 category-repair \">\n  <div class=\"qrt-work-item\">\n        <a  data-magnific-gallery data-no-swup data-elementor-lightbox-slideshow=\"gallery\" data-elementor-lightbox-title=\"citys kozyata\u011f\u0131\" href=\"https:\/\/simagroup.tr\/steelco\/wp-content\/uploads\/2026\/03\/7733549827590-182-12.jpg\" class=\"qrt-cursor-scale qrt-work-cover-frame\">\n      <img decoding=\"async\" src=\"https:\/\/simagroup.tr\/steelco\/wp-content\/uploads\/2026\/03\/7733549827590-182-12.jpg\" alt=\"citys kozyata\u011f\u0131\">\n      <div class=\"qrt-item-zoom qrt-cursor-color\"><i class=\"fas fa-expand\"><\/i><\/div>\n      <div class=\"qrt-work-category\"><span>Haz\u0131rl\u0131k A\u015famas\u0131ndakiler <\/span><\/div>\n    <\/a>\n        <div class=\"qrt-work-descr\">\n            <h4 class=\"qrt-cursor-color qrt-white\">\n        <a href=\"https:\/\/simagroup.tr\/steelco\/portfolio\/item\/citys-kozyatagi\/\" class=\"qrt-anima-link\">citys kozyata\u011f\u0131<\/a>\n      <\/h4>\n            <a href=\"https:\/\/simagroup.tr\/steelco\/portfolio\/item\/citys-kozyatagi\/\" class=\"qrt-cursor-scale qrt-work-more qrt-anima-link\"><i class=\"fas fa-arrow-right\"><\/i><\/a>\n    <\/div>\n  <\/div>\n<\/div>          \t               \t\n\n<div class=\"qrt-masonry-grid-item qrt-masonry-grid-item-50 category-repair \">\n  <div class=\"qrt-work-item\">\n        <a  data-magnific-gallery data-no-swup data-elementor-lightbox-slideshow=\"gallery\" data-elementor-lightbox-title=\"CAREFOUR KOZYATA\u011eI C\u0130TSY AVM\" href=\"https:\/\/simagroup.tr\/steelco\/wp-content\/uploads\/2026\/03\/6f687ec5-72a6-41d7-8b25-d55a09e23709.jpg\" class=\"qrt-cursor-scale qrt-work-cover-frame\">\n      <img decoding=\"async\" src=\"https:\/\/simagroup.tr\/steelco\/wp-content\/uploads\/2026\/03\/6f687ec5-72a6-41d7-8b25-d55a09e23709.jpg\" alt=\"CAREFOUR KOZYATA\u011eI C\u0130TSY AVM\">\n      <div class=\"qrt-item-zoom qrt-cursor-color\"><i class=\"fas fa-expand\"><\/i><\/div>\n      <div class=\"qrt-work-category\"><span>Haz\u0131rl\u0131k A\u015famas\u0131ndakiler <\/span><\/div>\n    <\/a>\n        <div class=\"qrt-work-descr\">\n            <h4 class=\"qrt-cursor-color qrt-white\">\n        <a href=\"https:\/\/simagroup.tr\/steelco\/portfolio\/item\/carefour-kozyatagi-citsy-avm\/\" class=\"qrt-anima-link\">CAREFOUR KOZYATA\u011eI C\u0130TSY AVM<\/a>\n      <\/h4>\n            <a href=\"https:\/\/simagroup.tr\/steelco\/portfolio\/item\/carefour-kozyatagi-citsy-avm\/\" class=\"qrt-cursor-scale qrt-work-more qrt-anima-link\"><i class=\"fas fa-arrow-right\"><\/i><\/a>\n    <\/div>\n  <\/div>\n<\/div>          \t              <\/div>\n            \n\t\t  \t\n\t\t\t        <\/div>\n\n\t\t\t\t\t\t<\/div>\n\t\t\t\t<\/div>\n\t\t\t\t\t<\/div>\n\t\t<\/div>\n\t\t\t\t\t<\/div>\n\t\t<\/section>\n\t\t\t\t<section class=\"elementor-section elementor-top-section elementor-element elementor-element-833bbe0 elementor-section-full_width elementor-section-height-default elementor-section-height-default\" data-id=\"833bbe0\" data-element_type=\"section\" data-settings=\"{&quot;_ha_eqh_enable&quot;:false}\">\n\t\t\t\t\t\t<div class=\"elementor-container elementor-column-gap-no\">\n\t\t\t\t\t<div class=\"elementor-column elementor-col-100 elementor-top-column elementor-element elementor-element-ab61bfb\" data-id=\"ab61bfb\" data-element_type=\"column\">\n\t\t\t<div class=\"elementor-widget-wrap elementor-element-populated\">\n\t\t\t\t\t\t<div class=\"elementor-element elementor-element-269f601 elementor-widget elementor-widget-quarty-cta\" data-id=\"269f601\" data-element_type=\"widget\" data-widget_type=\"quarty-cta.default\">\n\t\t\t\t<div class=\"elementor-widget-container\">\n\t\t\t\t\t\n\t\t<div class=\"row\">\n          <div class=\"col-lg-12\">\n            <div class=\"qrt-call-to-action\">\n                            <h4>\n              \t<span >\n\t          \t\tDo you have a project?\t        \t<\/span>\n              <\/h4>\n                                          <a href=\"\/quarty\/contact\/\" class=\"qrt-btn qrt-btn-sm qrt-btn-color qrt-cursor-scale qrt-anima-link\">\n              \t<span >\n\t          \t\tLet's discuss\t        \t<\/span>\n              <\/a>\n                          <\/div>\n          <\/div>\n        <\/div>\n\n\t\t\t\t\t\t<\/div>\n\t\t\t\t<\/div>\n\t\t\t\t\t<\/div>\n\t\t<\/div>\n\t\t\t\t\t<\/div>\n\t\t<\/section>\n\t\t\t\t<\/div>\n\t\t","protected":false},"excerpt":{"rendered":"<p>Portfolio All Categories Repair Interior Design Decor Architecture Architecture Hostel Waterline Architecture Modern country house Decor Weelywally Apartments Decor Apartment&#8230; <span class=\"qrt-el-more\"><a href=\"https:\/\/simagroup.tr\/steelco\/portfolio\/item\/carefour-kozyatagi-citsy-avm\/\" class=\"qrt-link qrt-color-link qrt-cursor-scale qrt-w-chevron\">Read more<\/a><\/span><\/p>\n","protected":false},"author":1,"featured_media":0,"parent":0,"menu_order":0,"comment_status":"closed","ping_status":"closed","template":"template-layout-builder.php","meta":{"_acf_changed":false,"footnotes":""},"class_list":["post-969","page","type-page","status-publish","hentry"],"acf":[],"_links":{"self":[{"href":"https:\/\/simagroup.tr\/steelco\/wp-json\/wp\/v2\/pages\/969","targetHints":{"allow":["GET"]}}],"collection":[{"href":"https:\/\/simagroup.tr\/steelco\/wp-json\/wp\/v2\/pages"}],"about":[{"href":"https:\/\/simagroup.tr\/steelco\/wp-json\/wp\/v2\/types\/page"}],"author":[{"embeddable":true,"href":"https:\/\/simagroup.tr\/steelco\/wp-json\/wp\/v2\/users\/1"}],"replies":[{"embeddable":true,"href":"https:\/\/simagroup.tr\/steelco\/wp-json\/wp\/v2\/comments?post=969"}],"version-history":[{"count":1,"href":"https:\/\/simagroup.tr\/steelco\/wp-json\/wp\/v2\/pages\/969\/revisions"}],"predecessor-version":[{"id":2105,"href":"https:\/\/simagroup.tr\/steelco\/wp-json\/wp\/v2\/pages\/969\/revisions\/2105"}],"wp:attachment":[{"href":"https:\/\/simagroup.tr\/steelco\/wp-json\/wp\/v2\/media?parent=969"}],"curies":[{"name":"wp","href":"https:\/\/api.w.org\/{rel}","templated":true}]}}