{"id":406,"date":"2020-09-24T13:58:30","date_gmt":"2020-09-24T13:58:30","guid":{"rendered":"https:\/\/quarty-demo.bslthemes.com-demo\/?page_id=76"},"modified":"2025-12-26T00:13:59","modified_gmt":"2025-12-25T21:13:59","slug":"contact","status":"publish","type":"page","link":"https:\/\/simagroup.tr\/steelco\/contact\/","title":{"rendered":"Contact"},"content":{"rendered":"\t\t<div data-elementor-type=\"wp-page\" data-elementor-id=\"406\" class=\"elementor elementor-406\" data-elementor-settings=\"{&quot;ha_cmc_init_switcher&quot;:&quot;no&quot;}\" data-elementor-post-type=\"page\">\n\t\t\t\t\t\t<section class=\"elementor-section elementor-top-section elementor-element elementor-element-59b3d97 elementor-section-full_width elementor-section-height-default elementor-section-height-default\" data-id=\"59b3d97\" data-element_type=\"section\" data-settings=\"{&quot;_ha_eqh_enable&quot;:false}\">\n\t\t\t\t\t\t<div class=\"elementor-container elementor-column-gap-no\">\n\t\t\t\t\t<div class=\"elementor-column elementor-col-100 elementor-top-column elementor-element elementor-element-a1d78fa\" data-id=\"a1d78fa\" data-element_type=\"column\">\n\t\t\t<div class=\"elementor-widget-wrap elementor-element-populated\">\n\t\t\t\t\t\t<div class=\"elementor-element elementor-element-99c223e elementor-widget elementor-widget-quarty-banner\" data-id=\"99c223e\" data-element_type=\"widget\" data-widget_type=\"quarty-banner.default\">\n\t\t\t\t<div class=\"elementor-widget-container\">\n\t\t\t\t\t\n\t\t<div class=\"row qrt-p-0-40\">\n          <div class=\"col-lg-12\">\n            <div class=\"qrt-page-cover\">\n                            <img decoding=\"async\" src=\"https:\/\/simagroup.tr\/steelco\/wp-content\/uploads\/2025\/12\/50802simacephe-hakkimizda-1.jpg\" alt=\"\" \/>\n                                          <div class=\"qrt-hint-frame\">\n                <div class=\"qrt-scroll-hint\">\n                  <span><\/span>\n                <\/div>\n              <\/div>\n          \t                              <div class=\"qrt-about-info\">\n                <div class=\"qrt-cover-info\">\n\t\t\t\t  <ul class=\"qrt-table\">\n\t\t\t\t\t                    <li>\n                      <h5 class=\"qrt-white\">\n                      \t<span >\n\t        \t\t\t\tYER : \t        \t\t\t<\/span>\n                      <\/h5>\n                      <span >\n\t\t\t\t\t\tKURTK\u00d6Y FABR\u0130KA\t\t\t\t\t  <\/span>\n\t\t\t\t\t<\/li>\n                                        <li>\n                      <h5 class=\"qrt-white\">\n                      \t<span >\n\t        \t\t\t\tANA MERKEZ\t        \t\t\t<\/span>\n                      <\/h5>\n                      <span >\n\t\t\t\t\t\tS\u0130MA CEPHE\t\t\t\t\t  <\/span>\n\t\t\t\t\t<\/li>\n                    \t\t\t\t  <\/ul>\n                <\/div>\n              <\/div>\n         \t              <\/div>\n          <\/div>\n        <\/div>\n\n\t\t\t\t\t\t<\/div>\n\t\t\t\t<\/div>\n\t\t\t\t\t<\/div>\n\t\t<\/div>\n\t\t\t\t\t<\/div>\n\t\t<\/section>\n\t\t\t\t<section class=\"elementor-section elementor-top-section elementor-element elementor-element-6dfdb6d elementor-section-full_width elementor-section-height-default elementor-section-height-default\" data-id=\"6dfdb6d\" data-element_type=\"section\" data-settings=\"{&quot;_ha_eqh_enable&quot;:false}\">\n\t\t\t\t\t\t<div class=\"elementor-container elementor-column-gap-no\">\n\t\t\t\t\t<div class=\"elementor-column elementor-col-100 elementor-top-column elementor-element elementor-element-3dad790\" data-id=\"3dad790\" data-element_type=\"column\">\n\t\t\t<div class=\"elementor-widget-wrap elementor-element-populated\">\n\t\t\t\t\t\t<div class=\"elementor-element elementor-element-d40b6fc elementor-widget elementor-widget-quarty-contact-info\" data-id=\"d40b6fc\" data-element_type=\"widget\" data-widget_type=\"quarty-contact-info.default\">\n\t\t\t\t<div class=\"elementor-widget-container\">\n\t\t\t\t\t\n\t\t<div class=\"qrt-section qrt-section-sf\">\n\t\t\t<div class=\"row\">\n\t\t\t\t\t\t\t\t<div class=\"col-lg-12\">\n\t\t\t\t\t<h3 class=\"qrt-mb-40 qrt-title-h\">\n\t\t\t\t\t\t<span >\n\t\t          \t\t\tGenel Merkez Fabrika 1\t\t         \t\t<\/span>\n\t\t\t\t\t<\/h3>\n\t\t\t\t<\/div>\n\t\t\t\t\n\t\t\t\t\t\t\t\t\t\t\t\t<div class=\"col-lg-4\">\n\t\t\t\t\t<div class=\"qrt-icon-box\">\n\t\t\t\t\t\t\t\t\t\t\t\t<!-- icon -->\n\t\t\t\t\t\t<img decoding=\"async\" class=\"mb-20\" src=\"https:\/\/simagroup.tr\/steelco\/wp-content\/uploads\/2021\/03\/icon-4.png\" alt=\"Telefon\">\n\t\t\t\t\t\t\t\t\t\t\t\t\t\t\t\t\t\t<!-- title -->\n\t\t\t\t\t\t<h4 class=\"mb-20\">\n\t\t\t\t\t\t\t<span >\n\t        \t\t\t\t\tTelefon\t        \t\t\t\t<\/span>\n\t\t\t\t\t\t<\/h4>\n\t\t\t\t\t\t\t\t\t\t\t\t\t\t\t\t\t\t<!-- description -->\n\t\t\t\t\t\t<div >\n\t        \t\t\t\t<p><strong>Tel:<\/strong>\u00a0444 28 96 - 0216 398 98 50<br \/><strong>Faks:<\/strong>\u00a0+90 216 398 93 50<\/p>\t        \t\t\t<\/div>\n\t        \t\t\t\t\t\t\t\t<\/div>\n\t\t\t\t<\/div>\n\t\t\t\t\t\t\t\t<div class=\"col-lg-4\">\n\t\t\t\t\t<div class=\"qrt-icon-box\">\n\t\t\t\t\t\t\t\t\t\t\t\t<!-- icon -->\n\t\t\t\t\t\t<img decoding=\"async\" class=\"mb-20\" src=\"https:\/\/simagroup.tr\/steelco\/wp-content\/uploads\/2021\/03\/icon-5.png\" alt=\"Email\">\n\t\t\t\t\t\t\t\t\t\t\t\t\t\t\t\t\t\t<!-- title -->\n\t\t\t\t\t\t<h4 class=\"mb-20\">\n\t\t\t\t\t\t\t<span >\n\t        \t\t\t\t\tEmail\t        \t\t\t\t<\/span>\n\t\t\t\t\t\t<\/h4>\n\t\t\t\t\t\t\t\t\t\t\t\t\t\t\t\t\t\t<!-- description -->\n\t\t\t\t\t\t<div >\n\t        \t\t\t\t<p><b>i<\/b>nfo@simacephe.com<\/p>\t        \t\t\t<\/div>\n\t        \t\t\t\t\t\t\t\t<\/div>\n\t\t\t\t<\/div>\n\t\t\t\t\t\t\t\t<div class=\"col-lg-4\">\n\t\t\t\t\t<div class=\"qrt-icon-box\">\n\t\t\t\t\t\t\t\t\t\t\t\t<!-- icon -->\n\t\t\t\t\t\t<img decoding=\"async\" class=\"mb-20\" src=\"https:\/\/simagroup.tr\/steelco\/wp-content\/uploads\/2021\/03\/icon-6.png\" alt=\"Adres\">\n\t\t\t\t\t\t\t\t\t\t\t\t\t\t\t\t\t\t<!-- title -->\n\t\t\t\t\t\t<h4 class=\"mb-20\">\n\t\t\t\t\t\t\t<span >\n\t        \t\t\t\t\tAdres\t        \t\t\t\t<\/span>\n\t\t\t\t\t\t<\/h4>\n\t\t\t\t\t\t\t\t\t\t\t\t\t\t\t\t\t\t<!-- description -->\n\t\t\t\t\t\t<div >\n\t        \t\t\t\t<p>Sanayi Mahallesi Sanayi Caddesi No:15 Kurtk\u00f6y, Pendik, \u0130stanbul<\/p>\t        \t\t\t<\/div>\n\t        \t\t\t\t\t\t\t\t<\/div>\n\t\t\t\t<\/div>\n\t\t\t\t\t\t  \t\t\t\t\t<\/div>\n\t\t<\/div>\n\n\t\t\t\t\t\t<\/div>\n\t\t\t\t<\/div>\n\t\t\t\t\t<\/div>\n\t\t<\/div>\n\t\t\t\t\t<\/div>\n\t\t<\/section>\n\t\t\t\t<section class=\"elementor-section elementor-top-section elementor-element elementor-element-b24d460 elementor-section-full_width elementor-section-height-default elementor-section-height-default\" data-id=\"b24d460\" data-element_type=\"section\" data-settings=\"{&quot;_ha_eqh_enable&quot;:false}\">\n\t\t\t\t\t\t<div class=\"elementor-container elementor-column-gap-no\">\n\t\t\t\t\t<div class=\"elementor-column elementor-col-100 elementor-top-column elementor-element elementor-element-8596f1f\" data-id=\"8596f1f\" data-element_type=\"column\">\n\t\t\t<div class=\"elementor-widget-wrap elementor-element-populated\">\n\t\t\t\t\t\t<div class=\"elementor-element elementor-element-e140f9a elementor-widget elementor-widget-quarty-contact-info\" data-id=\"e140f9a\" data-element_type=\"widget\" data-widget_type=\"quarty-contact-info.default\">\n\t\t\t\t<div class=\"elementor-widget-container\">\n\t\t\t\t\t\n\t\t<div class=\"qrt-section qrt-section-sf\">\n\t\t\t<div class=\"row\">\n\t\t\t\t\t\t\t\t<div class=\"col-lg-12\">\n\t\t\t\t\t<h3 class=\"qrt-mb-40 qrt-title-h\">\n\t\t\t\t\t\t<span >\n\t\t          \t\t\tFabrika 2\n\t\t         \t\t<\/span>\n\t\t\t\t\t<\/h3>\n\t\t\t\t<\/div>\n\t\t\t\t\n\t\t\t\t\t\t\t\t\t\t\t\t<div class=\"col-lg-4\">\n\t\t\t\t\t<div class=\"qrt-icon-box\">\n\t\t\t\t\t\t\t\t\t\t\t\t<!-- icon -->\n\t\t\t\t\t\t<img decoding=\"async\" class=\"mb-20\" src=\"https:\/\/simagroup.tr\/steelco\/wp-content\/uploads\/2021\/03\/icon-4.png\" alt=\"Telefon\">\n\t\t\t\t\t\t\t\t\t\t\t\t\t\t\t\t\t\t<!-- title -->\n\t\t\t\t\t\t<h4 class=\"mb-20\">\n\t\t\t\t\t\t\t<span >\n\t        \t\t\t\t\tTelefon\t        \t\t\t\t<\/span>\n\t\t\t\t\t\t<\/h4>\n\t\t\t\t\t\t\t\t\t\t\t\t\t\t\t\t\t\t<!-- description -->\n\t\t\t\t\t\t<div >\n\t        \t\t\t\t<p><strong>Tel:<\/strong>\u00a0444 28 96 - 0216 398 98 50<br \/><strong>Faks:<\/strong>\u00a0+90 216 398 93 50<\/p>\t        \t\t\t<\/div>\n\t        \t\t\t\t\t\t\t\t<\/div>\n\t\t\t\t<\/div>\n\t\t\t\t\t\t\t\t<div class=\"col-lg-4\">\n\t\t\t\t\t<div class=\"qrt-icon-box\">\n\t\t\t\t\t\t\t\t\t\t\t\t<!-- icon -->\n\t\t\t\t\t\t<img decoding=\"async\" class=\"mb-20\" src=\"https:\/\/simagroup.tr\/steelco\/wp-content\/uploads\/2021\/03\/icon-5.png\" alt=\"Email\">\n\t\t\t\t\t\t\t\t\t\t\t\t\t\t\t\t\t\t<!-- title -->\n\t\t\t\t\t\t<h4 class=\"mb-20\">\n\t\t\t\t\t\t\t<span >\n\t        \t\t\t\t\tEmail\t        \t\t\t\t<\/span>\n\t\t\t\t\t\t<\/h4>\n\t\t\t\t\t\t\t\t\t\t\t\t\t\t\t\t\t\t<!-- description -->\n\t\t\t\t\t\t<div >\n\t        \t\t\t\t<p><b>i<\/b>nfo@simacephe.com<\/p>\t        \t\t\t<\/div>\n\t        \t\t\t\t\t\t\t\t<\/div>\n\t\t\t\t<\/div>\n\t\t\t\t\t\t\t\t<div class=\"col-lg-4\">\n\t\t\t\t\t<div class=\"qrt-icon-box\">\n\t\t\t\t\t\t\t\t\t\t\t\t<!-- icon -->\n\t\t\t\t\t\t<img decoding=\"async\" class=\"mb-20\" src=\"https:\/\/simagroup.tr\/steelco\/wp-content\/uploads\/2021\/03\/icon-6.png\" alt=\"Adres\">\n\t\t\t\t\t\t\t\t\t\t\t\t\t\t\t\t\t\t<!-- title -->\n\t\t\t\t\t\t<h4 class=\"mb-20\">\n\t\t\t\t\t\t\t<span >\n\t        \t\t\t\t\tAdres\t        \t\t\t\t<\/span>\n\t\t\t\t\t\t<\/h4>\n\t\t\t\t\t\t\t\t\t\t\t\t\t\t\t\t\t\t<!-- description -->\n\t\t\t\t\t\t<div >\n\t        \t\t\t\tPelitli mah 4429 sk No: 37\/A Gebze, Kocaeli\n\n\t        \t\t\t<\/div>\n\t        \t\t\t\t\t\t\t\t<\/div>\n\t\t\t\t<\/div>\n\t\t\t\t\t\t  \t\t\t\t\t<\/div>\n\t\t<\/div>\n\n\t\t\t\t\t\t<\/div>\n\t\t\t\t<\/div>\n\t\t\t\t\t<\/div>\n\t\t<\/div>\n\t\t\t\t\t<\/div>\n\t\t<\/section>\n\t\t\t\t<section class=\"elementor-section elementor-top-section elementor-element elementor-element-1cb5618 elementor-section-full_width elementor-section-height-default elementor-section-height-default\" data-id=\"1cb5618\" data-element_type=\"section\" data-settings=\"{&quot;_ha_eqh_enable&quot;:false}\">\n\t\t\t\t\t\t<div class=\"elementor-container elementor-column-gap-no\">\n\t\t\t\t\t<div class=\"elementor-column elementor-col-100 elementor-top-column elementor-element elementor-element-3570b22\" data-id=\"3570b22\" data-element_type=\"column\">\n\t\t\t<div class=\"elementor-widget-wrap elementor-element-populated\">\n\t\t\t\t\t\t<div class=\"elementor-element elementor-element-eeffb58 elementor-widget elementor-widget-quarty-contact-info\" data-id=\"eeffb58\" data-element_type=\"widget\" data-widget_type=\"quarty-contact-info.default\">\n\t\t\t\t<div class=\"elementor-widget-container\">\n\t\t\t\t\t\n\t\t<div class=\"qrt-section qrt-section-sf\">\n\t\t\t<div class=\"row\">\n\t\t\t\t\t\t\t\t<div class=\"col-lg-12\">\n\t\t\t\t\t<h3 class=\"qrt-mb-40 qrt-title-h\">\n\t\t\t\t\t\t<span >\n\t\t          \t\t\tIrak Ofis\n\t\t         \t\t<\/span>\n\t\t\t\t\t<\/h3>\n\t\t\t\t<\/div>\n\t\t\t\t\n\t\t\t\t\t\t\t\t\t\t\t\t<div class=\"col-lg-4\">\n\t\t\t\t\t<div class=\"qrt-icon-box\">\n\t\t\t\t\t\t\t\t\t\t\t\t<!-- icon -->\n\t\t\t\t\t\t<img decoding=\"async\" class=\"mb-20\" src=\"https:\/\/simagroup.tr\/steelco\/wp-content\/uploads\/2021\/03\/icon-4.png\" alt=\"Telefon\">\n\t\t\t\t\t\t\t\t\t\t\t\t\t\t\t\t\t\t<!-- title -->\n\t\t\t\t\t\t<h4 class=\"mb-20\">\n\t\t\t\t\t\t\t<span >\n\t        \t\t\t\t\tTelefon\t        \t\t\t\t<\/span>\n\t\t\t\t\t\t<\/h4>\n\t\t\t\t\t\t\t\t\t\t\t\t\t\t\t\t\t\t<!-- description -->\n\t\t\t\t\t\t<div >\n\t        \t\t\t\t<p><strong>Tel:<\/strong>\u00a00964 750 761 78 88<br \/><strong>Faks:<\/strong>\u00a00964 750 739 78 88<\/p>\t        \t\t\t<\/div>\n\t        \t\t\t\t\t\t\t\t<\/div>\n\t\t\t\t<\/div>\n\t\t\t\t\t\t\t\t<div class=\"col-lg-4\">\n\t\t\t\t\t<div class=\"qrt-icon-box\">\n\t\t\t\t\t\t\t\t\t\t\t\t<!-- icon -->\n\t\t\t\t\t\t<img decoding=\"async\" class=\"mb-20\" src=\"https:\/\/simagroup.tr\/steelco\/wp-content\/uploads\/2021\/03\/icon-5.png\" alt=\"Email\">\n\t\t\t\t\t\t\t\t\t\t\t\t\t\t\t\t\t\t<!-- title -->\n\t\t\t\t\t\t<h4 class=\"mb-20\">\n\t\t\t\t\t\t\t<span >\n\t        \t\t\t\t\tEmail\t        \t\t\t\t<\/span>\n\t\t\t\t\t\t<\/h4>\n\t\t\t\t\t\t\t\t\t\t\t\t\t\t\t\t\t\t<!-- description -->\n\t\t\t\t\t\t<div >\n\t        \t\t\t\t<p><b>i<\/b>nfo@simacephe.com<\/p>\t        \t\t\t<\/div>\n\t        \t\t\t\t\t\t\t\t<\/div>\n\t\t\t\t<\/div>\n\t\t\t\t\t\t\t\t<div class=\"col-lg-4\">\n\t\t\t\t\t<div class=\"qrt-icon-box\">\n\t\t\t\t\t\t\t\t\t\t\t\t<!-- icon -->\n\t\t\t\t\t\t<img decoding=\"async\" class=\"mb-20\" src=\"https:\/\/simagroup.tr\/steelco\/wp-content\/uploads\/2021\/03\/icon-6.png\" alt=\"Adres\">\n\t\t\t\t\t\t\t\t\t\t\t\t\t\t\t\t\t\t<!-- title -->\n\t\t\t\t\t\t<h4 class=\"mb-20\">\n\t\t\t\t\t\t\t<span >\n\t        \t\t\t\t\tAdres\t        \t\t\t\t<\/span>\n\t\t\t\t\t\t<\/h4>\n\t\t\t\t\t\t\t\t\t\t\t\t\t\t\t\t\t\t<!-- description -->\n\t\t\t\t\t\t<div >\n\t        \t\t\t\t<p>Bezirgani Gishte Snurdar Hawler-Regag Shorsh Beramber<br \/>Nexonshxaney Ledayk Bun - Irak<\/p>\t        \t\t\t<\/div>\n\t        \t\t\t\t\t\t\t\t<\/div>\n\t\t\t\t<\/div>\n\t\t\t\t\t\t  \t\t\t\t\t<\/div>\n\t\t<\/div>\n\n\t\t\t\t\t\t<\/div>\n\t\t\t\t<\/div>\n\t\t\t\t\t<\/div>\n\t\t<\/div>\n\t\t\t\t\t<\/div>\n\t\t<\/section>\n\t\t\t\t<section class=\"elementor-section elementor-top-section elementor-element elementor-element-6b40d3a elementor-section-full_width elementor-section-height-default elementor-section-height-default\" data-id=\"6b40d3a\" data-element_type=\"section\" data-settings=\"{&quot;_ha_eqh_enable&quot;:false}\">\n\t\t\t\t\t\t<div class=\"elementor-container elementor-column-gap-no\">\n\t\t\t\t\t<div class=\"elementor-column elementor-col-100 elementor-top-column elementor-element elementor-element-2705ca3\" data-id=\"2705ca3\" data-element_type=\"column\">\n\t\t\t<div class=\"elementor-widget-wrap elementor-element-populated\">\n\t\t\t\t\t\t<div class=\"elementor-element elementor-element-13fcab9 elementor-widget elementor-widget-quarty-contact-info\" data-id=\"13fcab9\" data-element_type=\"widget\" data-widget_type=\"quarty-contact-info.default\">\n\t\t\t\t<div class=\"elementor-widget-container\">\n\t\t\t\t\t\n\t\t<div class=\"qrt-section qrt-section-sf\">\n\t\t\t<div class=\"row\">\n\t\t\t\t\t\t\t\t<div class=\"col-lg-12\">\n\t\t\t\t\t<h3 class=\"qrt-mb-40 qrt-title-h\">\n\t\t\t\t\t\t<span >\n\t\t          \t\t\tAlmanya \u015eube Sima Gmbh\t\t         \t\t<\/span>\n\t\t\t\t\t<\/h3>\n\t\t\t\t<\/div>\n\t\t\t\t\n\t\t\t\t\t\t\t\t\t\t\t\t<div class=\"col-lg-4\">\n\t\t\t\t\t<div class=\"qrt-icon-box\">\n\t\t\t\t\t\t\t\t\t\t\t\t<!-- icon -->\n\t\t\t\t\t\t<img decoding=\"async\" class=\"mb-20\" src=\"https:\/\/simagroup.tr\/steelco\/wp-content\/uploads\/2021\/03\/icon-4.png\" alt=\"Telefon\">\n\t\t\t\t\t\t\t\t\t\t\t\t\t\t\t\t\t\t<!-- title -->\n\t\t\t\t\t\t<h4 class=\"mb-20\">\n\t\t\t\t\t\t\t<span >\n\t        \t\t\t\t\tTelefon\t        \t\t\t\t<\/span>\n\t\t\t\t\t\t<\/h4>\n\t\t\t\t\t\t\t\t\t\t\t\t\t\t\t\t\t\t<!-- description -->\n\t\t\t\t\t\t<div >\n\t        \t\t\t\t<p><strong>Tel:<\/strong>\u00a0444 28 96 - 0216 398 98 50<br \/><strong>Faks:<\/strong>\u00a0+90 216 398 93 50<\/p>\t        \t\t\t<\/div>\n\t        \t\t\t\t\t\t\t\t<\/div>\n\t\t\t\t<\/div>\n\t\t\t\t\t\t\t\t<div class=\"col-lg-4\">\n\t\t\t\t\t<div class=\"qrt-icon-box\">\n\t\t\t\t\t\t\t\t\t\t\t\t<!-- icon -->\n\t\t\t\t\t\t<img decoding=\"async\" class=\"mb-20\" src=\"https:\/\/simagroup.tr\/steelco\/wp-content\/uploads\/2021\/03\/icon-5.png\" alt=\"Email\">\n\t\t\t\t\t\t\t\t\t\t\t\t\t\t\t\t\t\t<!-- title -->\n\t\t\t\t\t\t<h4 class=\"mb-20\">\n\t\t\t\t\t\t\t<span >\n\t        \t\t\t\t\tEmail\t        \t\t\t\t<\/span>\n\t\t\t\t\t\t<\/h4>\n\t\t\t\t\t\t\t\t\t\t\t\t\t\t\t\t\t\t<!-- description -->\n\t\t\t\t\t\t<div >\n\t        \t\t\t\t<p><b>i<\/b>nfo@simacephe.com<\/p>\t        \t\t\t<\/div>\n\t        \t\t\t\t\t\t\t\t<\/div>\n\t\t\t\t<\/div>\n\t\t\t\t\t\t\t\t<div class=\"col-lg-4\">\n\t\t\t\t\t<div class=\"qrt-icon-box\">\n\t\t\t\t\t\t\t\t\t\t\t\t<!-- icon -->\n\t\t\t\t\t\t<img decoding=\"async\" class=\"mb-20\" src=\"https:\/\/simagroup.tr\/steelco\/wp-content\/uploads\/2021\/03\/icon-6.png\" alt=\"Adres\">\n\t\t\t\t\t\t\t\t\t\t\t\t\t\t\t\t\t\t<!-- title -->\n\t\t\t\t\t\t<h4 class=\"mb-20\">\n\t\t\t\t\t\t\t<span >\n\t        \t\t\t\t\tAdres\t        \t\t\t\t<\/span>\n\t\t\t\t\t\t<\/h4>\n\t\t\t\t\t\t\t\t\t\t\t\t\t\t\t\t\t\t<!-- description -->\n\t\t\t\t\t\t<div >\n\t        \t\t\t\tDAVINCI GASTRO GMBH A\u0130RPORT BOULEVARD Mah. No:B 311 RHE\u0130NSM\u00dcSTER\/ ALMANYA\t        \t\t\t<\/div>\n\t        \t\t\t\t\t\t\t\t<\/div>\n\t\t\t\t<\/div>\n\t\t\t\t\t\t  \t\t\t\t\t<\/div>\n\t\t<\/div>\n\n\t\t\t\t\t\t<\/div>\n\t\t\t\t<\/div>\n\t\t\t\t\t<\/div>\n\t\t<\/div>\n\t\t\t\t\t<\/div>\n\t\t<\/section>\n\t\t\t\t<section class=\"elementor-section elementor-top-section elementor-element elementor-element-409d73f elementor-section-full_width elementor-section-height-default elementor-section-height-default\" data-id=\"409d73f\" data-element_type=\"section\" data-settings=\"{&quot;_ha_eqh_enable&quot;:false}\">\n\t\t\t\t\t\t<div class=\"elementor-container elementor-column-gap-no\">\n\t\t\t\t\t<div class=\"elementor-column elementor-col-100 elementor-top-column elementor-element elementor-element-a6352f3\" data-id=\"a6352f3\" data-element_type=\"column\">\n\t\t\t<div class=\"elementor-widget-wrap elementor-element-populated\">\n\t\t\t\t\t\t<div class=\"elementor-element elementor-element-01b88fc elementor-widget elementor-widget-quarty-contact-form\" data-id=\"01b88fc\" data-element_type=\"widget\" data-widget_type=\"quarty-contact-form.default\">\n\t\t\t\t<div class=\"elementor-widget-container\">\n\t\t\t\t\t\n\t\t<div class=\"qrt-section qrt-section-sf\">\n\t\t\t<div class=\"row\">\n                            <div class=\"col-lg-12\">\n                <h4 class=\"qrt-mb-40 qrt-title-h\">\n            \t\t<span >\n\t\t          \t\t\u0130leti\u015fime Ge\u00e7in\t\t         \t<\/span>\n            \t<\/h4>\n              <\/div>\n              \n                            <div class=\"col-lg-12\">\n              \t\n<div class=\"wpcf7 no-js\" id=\"wpcf7-f80-o1\" lang=\"en-US\" dir=\"ltr\" data-wpcf7-id=\"80\">\n<div class=\"screen-reader-response\"><p role=\"status\" aria-live=\"polite\" aria-atomic=\"true\"><\/p> <ul><\/ul><\/div>\n<form action=\"\/steelco\/wp-json\/wp\/v2\/pages\/406#wpcf7-f80-o1\" method=\"post\" class=\"wpcf7-form init\" aria-label=\"Contact form\" novalidate=\"novalidate\" data-status=\"init\">\n<fieldset class=\"hidden-fields-container\"><input type=\"hidden\" name=\"_wpcf7\" value=\"80\" \/><input type=\"hidden\" name=\"_wpcf7_version\" value=\"6.1.3\" \/><input type=\"hidden\" name=\"_wpcf7_locale\" value=\"en_US\" \/><input type=\"hidden\" name=\"_wpcf7_unit_tag\" value=\"wpcf7-f80-o1\" \/><input type=\"hidden\" name=\"_wpcf7_container_post\" value=\"0\" \/><input type=\"hidden\" name=\"_wpcf7_posted_data_hash\" value=\"\" \/>\n<\/fieldset>\n<div class=\"qrt-contact-form\">\n\t<div class=\"row\">\n\t\t<div class=\"col-lg-6\">\n\t\t\t<div class=\"qrt-form-field\">\n\t\t\t\t<span class=\"wpcf7-form-control-wrap\" data-name=\"your-name\"><input size=\"40\" maxlength=\"400\" class=\"wpcf7-form-control wpcf7-text wpcf7-validates-as-required qrt-input\" aria-required=\"true\" aria-invalid=\"false\" placeholder=\"Name\" value=\"\" type=\"text\" name=\"your-name\" \/><\/span>\n\t\t\t\t<label><i class=\"fas fa-user\"><\/i><\/label>\n\t\t\t<\/div>\n\t\t<\/div>\n\t\t<div class=\"col-lg-6\">\n\t\t\t<div class=\"qrt-form-field\">\n\t\t\t\t<span class=\"wpcf7-form-control-wrap\" data-name=\"your-email\"><input size=\"40\" maxlength=\"400\" class=\"wpcf7-form-control wpcf7-email wpcf7-validates-as-required wpcf7-text wpcf7-validates-as-email qrt-input\" aria-required=\"true\" aria-invalid=\"false\" placeholder=\"Email\" value=\"\" type=\"email\" name=\"your-email\" \/><\/span>\n\t\t\t\t<label><i class=\"fas fa-at\"><\/i><\/label>\n\t\t\t<\/div>\n\t\t<\/div>\n\t\t<div class=\"col-lg-12\">\n\t\t\t<div class=\"qrt-form-field\">\n\t\t\t\t<span class=\"wpcf7-form-control-wrap\" data-name=\"your-message\"><textarea cols=\"40\" rows=\"10\" maxlength=\"2000\" class=\"wpcf7-form-control wpcf7-textarea wpcf7-validates-as-required qrt-input\" aria-required=\"true\" aria-invalid=\"false\" placeholder=\"Message\" name=\"your-message\"><\/textarea><\/span>\n\t\t\t\t<label><i class=\"far fa-envelope\"><\/i><\/label>\n\t\t\t<\/div>\n\t\t<\/div>\n\t\t<div class=\"col-md-6\">\n\t\t\t<div class=\"qrt-mb-20\">We promise not to disclose your personal information to third parties.<\/div>\n\t\t<\/div>\n\t\t<div class=\"col-md-6\">\n\t\t\t<div class=\"qrt-submit-frame qrt-text-right qrt-sm-text-left qrt-mb-40\">\n\t\t\t\t<button class=\"qrt-btn qrt-btn-md qrt-btn-color qrt-cursor-scale\" type=\"submit\"><span>Send message<\/span><\/button>\n\t\t\t<\/div>\n\t\t<\/div>\n\t<\/div>\n<\/div><div class=\"wpcf7-response-output\" aria-hidden=\"true\"><\/div>\n<\/form>\n<\/div>\n              <\/div>\n                          <\/div>\n        <\/div>\n\n\t\t\t\t\t\t<\/div>\n\t\t\t\t<\/div>\n\t\t\t\t\t<\/div>\n\t\t<\/div>\n\t\t\t\t\t<\/div>\n\t\t<\/section>\n\t\t\t\t<\/div>\n\t\t","protected":false},"excerpt":{"rendered":"<p>YER : KURTK\u00d6Y FABR\u0130KA ANA MERKEZ S\u0130MA CEPHE Genel Merkez Fabrika 1 Telefon Tel:\u00a0444 28 96 &#8211; 0216 398 98&#8230; <span class=\"qrt-el-more\"><a href=\"https:\/\/simagroup.tr\/steelco\/contact\/\" class=\"qrt-link qrt-color-link qrt-cursor-scale qrt-w-chevron\">Read more<\/a><\/span><\/p>\n","protected":false},"author":1,"featured_media":0,"parent":0,"menu_order":0,"comment_status":"closed","ping_status":"closed","template":"template-layout-builder.php","meta":{"_acf_changed":false,"footnotes":""},"class_list":["post-406","page","type-page","status-publish","hentry"],"acf":[],"_links":{"self":[{"href":"https:\/\/simagroup.tr\/steelco\/wp-json\/wp\/v2\/pages\/406","targetHints":{"allow":["GET"]}}],"collection":[{"href":"https:\/\/simagroup.tr\/steelco\/wp-json\/wp\/v2\/pages"}],"about":[{"href":"https:\/\/simagroup.tr\/steelco\/wp-json\/wp\/v2\/types\/page"}],"author":[{"embeddable":true,"href":"https:\/\/simagroup.tr\/steelco\/wp-json\/wp\/v2\/users\/1"}],"replies":[{"embeddable":true,"href":"https:\/\/simagroup.tr\/steelco\/wp-json\/wp\/v2\/comments?post=406"}],"version-history":[{"count":7,"href":"https:\/\/simagroup.tr\/steelco\/wp-json\/wp\/v2\/pages\/406\/revisions"}],"predecessor-version":[{"id":2225,"href":"https:\/\/simagroup.tr\/steelco\/wp-json\/wp\/v2\/pages\/406\/revisions\/2225"}],"wp:attachment":[{"href":"https:\/\/simagroup.tr\/steelco\/wp-json\/wp\/v2\/media?parent=406"}],"curies":[{"name":"wp","href":"https:\/\/api.w.org\/{rel}","templated":true}]}}