{"id":2256,"date":"2025-12-28T20:03:27","date_gmt":"2025-12-28T17:03:27","guid":{"rendered":"https:\/\/simagroup.tr\/steelco\/?page_id=2256"},"modified":"2025-12-29T10:46:01","modified_gmt":"2025-12-29T07:46:01","slug":"sekillendirme-ve-bukum","status":"publish","type":"page","link":"https:\/\/simagroup.tr\/steelco\/sekillendirme-ve-bukum\/","title":{"rendered":"\u015eekillendirme ve B\u00fck\u00fcm"},"content":{"rendered":"\t\t<div data-elementor-type=\"wp-page\" data-elementor-id=\"2256\" class=\"elementor elementor-2256\" data-elementor-settings=\"{&quot;ha_cmc_init_switcher&quot;:&quot;no&quot;}\" data-elementor-post-type=\"page\">\n\t\t\t\t<div class=\"elementor-element elementor-element-973b5e6 e-con-full e-flex e-con e-parent\" data-id=\"973b5e6\" data-element_type=\"container\" data-settings=\"{&quot;_ha_eqh_enable&quot;:false}\">\n\t\t\t\t<div class=\"elementor-element elementor-element-182be7b elementor-widget elementor-widget-image\" data-id=\"182be7b\" data-element_type=\"widget\" data-widget_type=\"image.default\">\n\t\t\t\t<div class=\"elementor-widget-container\">\n\t\t\t\t\t\t\t\t\t\t\t\t\t\t\t<img fetchpriority=\"high\" decoding=\"async\" width=\"819\" height=\"1024\" src=\"https:\/\/simagroup.tr\/steelco\/wp-content\/uploads\/2025\/12\/2-2-819x1024-1.jpg\" class=\"attachment-large size-large wp-image-2341\" alt=\"\" srcset=\"https:\/\/simagroup.tr\/steelco\/wp-content\/uploads\/2025\/12\/2-2-819x1024-1.jpg 819w, https:\/\/simagroup.tr\/steelco\/wp-content\/uploads\/2025\/12\/2-2-819x1024-1-240x300.jpg 240w, https:\/\/simagroup.tr\/steelco\/wp-content\/uploads\/2025\/12\/2-2-819x1024-1-768x960.jpg 768w, https:\/\/simagroup.tr\/steelco\/wp-content\/uploads\/2025\/12\/2-2-819x1024-1-410x512.jpg 410w, https:\/\/simagroup.tr\/steelco\/wp-content\/uploads\/2025\/12\/2-2-819x1024-1-800x1000.jpg 800w\" sizes=\"(max-width: 819px) 100vw, 819px\" \/>\t\t\t\t\t\t\t\t\t\t\t\t\t\t\t<\/div>\n\t\t\t\t<\/div>\n\t\t\t\t<\/div>\n\t\t\t\t<section class=\"elementor-section elementor-top-section elementor-element elementor-element-4e43233d elementor-section-full_width elementor-section-height-default elementor-section-height-default\" data-id=\"4e43233d\" data-element_type=\"section\" data-settings=\"{&quot;_ha_eqh_enable&quot;:false}\">\n\t\t\t\t\t\t<div class=\"elementor-container elementor-column-gap-no\">\n\t\t\t\t\t<div class=\"elementor-column elementor-col-50 elementor-top-column elementor-element elementor-element-33ae0187\" data-id=\"33ae0187\" data-element_type=\"column\">\n\t\t\t<div class=\"elementor-widget-wrap elementor-element-populated\">\n\t\t\t\t\t\t<div class=\"elementor-element elementor-element-4543ddca elementor-widget elementor-widget-quarty-about-us\" data-id=\"4543ddca\" data-element_type=\"widget\" data-widget_type=\"quarty-about-us.default\">\n\t\t\t\t<div class=\"elementor-widget-container\">\n\t\t\t\t\t\n\t\t<div class=\"qrt-section\">\n\t\t\t<div class=\"row\">\n\t          \t          <div class=\"col-lg-4\">\n\t            <h4 class=\"qrt-section-title\">\n\t            \t<span >\n\t          \t\t\t\u015eekillendirme ve B\u00fck\u00fcm\n\t         \t\t<\/span>\n\t            <\/h4>\n\t          <\/div>\n\t          \t          \t          <div class=\"col-lg-8 qrt-section-description\">\n\t            \t<div >\n\t          \t\t\t<p data-start=\"278\" data-end=\"498\">\u015eekillendirme ve b\u00fck\u00fcm s\u00fcre\u00e7leri, \u00e7eli\u011fin yaln\u0131zca kesilmesini de\u011fil; projeye uygun forma sokulmas\u0131n\u0131 sa\u011flar. Bu a\u015fama, par\u00e7alar\u0131n sahada sorunsuz montaj\u0131 ve yap\u0131sal b\u00fct\u00fcnl\u00fc\u011f\u00fcn sa\u011flanmas\u0131 a\u00e7\u0131s\u0131ndan kritik \u00f6neme sahiptir.<\/p><p data-start=\"500\" data-end=\"595\">Sima Cephe olarak, her b\u00fck\u00fcm\u00fc teknik \u00e7izimlere, her formu m\u00fchendislik hesaplar\u0131na dayand\u0131r\u0131r\u0131z.<\/p>\t         \t\t<\/div>\n\t          <\/div>\n\t          \t        <\/div>\n\t    <\/div>\n\n\t\t\t\t\t\t<\/div>\n\t\t\t\t<\/div>\n\t\t\t\t\t<\/div>\n\t\t<\/div>\n\t\t\t\t<div class=\"elementor-column elementor-col-50 elementor-top-column elementor-element elementor-element-28341ff1\" data-id=\"28341ff1\" data-element_type=\"column\">\n\t\t\t<div class=\"elementor-widget-wrap elementor-element-populated\">\n\t\t\t\t\t\t<div class=\"elementor-element elementor-element-768ddeb7 elementor-widget__width-initial elementor-widget elementor-widget-quarty-about-us\" data-id=\"768ddeb7\" data-element_type=\"widget\" data-widget_type=\"quarty-about-us.default\">\n\t\t\t\t<div class=\"elementor-widget-container\">\n\t\t\t\t\t\n\t\t<div class=\"qrt-section\">\n\t\t\t<div class=\"row\">\n\t          \t          <div class=\"col-lg-4\">\n\t            <h4 class=\"qrt-section-title\">\n\t            \t<span >\n\t          \t\t\tProjeye Uygun Formland\u0131rma \u00c7\u00f6z\u00fcmleri\n\t         \t\t<\/span>\n\t            <\/h4>\n\t          <\/div>\n\t          \t          \t          <div class=\"col-lg-8 qrt-section-description\">\n\t            \t<div >\n\t          \t\t\t<p data-start=\"643\" data-end=\"854\">End\u00fcstriyel projelerde \u015fekillendirme ve b\u00fck\u00fcm i\u015flemleri, standart kal\u0131plarla de\u011fil; projeye \u00f6zel parametrelerle ger\u00e7ekle\u015ftirilir. Bu sayede par\u00e7alar, uygulama sahas\u0131nda revizyona ihtiya\u00e7 duymadan kullan\u0131labilir.<\/p><p data-start=\"856\" data-end=\"869\">Yakla\u015f\u0131m\u0131m\u0131z;<\/p><ul data-start=\"870\" data-end=\"967\"><li data-start=\"870\" data-end=\"893\"><p data-start=\"872\" data-end=\"893\">\u00d6l\u00e7\u00fcye birebir uyum<\/p><\/li><li data-start=\"894\" data-end=\"929\"><p data-start=\"896\" data-end=\"929\">Tekrar edilebilir form kalitesi<\/p><\/li><li data-start=\"930\" data-end=\"967\"><p data-start=\"932\" data-end=\"967\">Montaj kolayl\u0131\u011f\u0131 sa\u011flayan tasar\u0131m<\/p><\/li><\/ul><p data-start=\"969\" data-end=\"987\">\u00fczerine kuruludur.<\/p>\t         \t\t<\/div>\n\t          <\/div>\n\t          \t        <\/div>\n\t    <\/div>\n\n\t\t\t\t\t\t<\/div>\n\t\t\t\t<\/div>\n\t\t\t\t\t<\/div>\n\t\t<\/div>\n\t\t\t\t\t<\/div>\n\t\t<\/section>\n\t\t<div class=\"elementor-element elementor-element-52da7b39 e-flex e-con-boxed e-con e-parent\" data-id=\"52da7b39\" data-element_type=\"container\" data-settings=\"{&quot;_ha_eqh_enable&quot;:false}\">\n\t\t\t\t\t<div class=\"e-con-inner\">\n\t\t\t\t<div class=\"elementor-element elementor-element-75e8c681 elementor-widget elementor-widget-image\" data-id=\"75e8c681\" data-element_type=\"widget\" data-widget_type=\"image.default\">\n\t\t\t\t<div class=\"elementor-widget-container\">\n\t\t\t\t\t\t\t\t\t\t\t\t\t\t\t<img decoding=\"async\" width=\"900\" height=\"448\" src=\"https:\/\/simagroup.tr\/steelco\/wp-content\/uploads\/2025\/12\/Ekran-Resmi-2025-12-28-22.19.18-1024x510.png\" class=\"attachment-large size-large wp-image-2313\" alt=\"\" srcset=\"https:\/\/simagroup.tr\/steelco\/wp-content\/uploads\/2025\/12\/Ekran-Resmi-2025-12-28-22.19.18-1024x510.png 1024w, https:\/\/simagroup.tr\/steelco\/wp-content\/uploads\/2025\/12\/Ekran-Resmi-2025-12-28-22.19.18-300x150.png 300w, https:\/\/simagroup.tr\/steelco\/wp-content\/uploads\/2025\/12\/Ekran-Resmi-2025-12-28-22.19.18-768x383.png 768w, https:\/\/simagroup.tr\/steelco\/wp-content\/uploads\/2025\/12\/Ekran-Resmi-2025-12-28-22.19.18-1536x766.png 1536w, https:\/\/simagroup.tr\/steelco\/wp-content\/uploads\/2025\/12\/Ekran-Resmi-2025-12-28-22.19.18-2048x1021.png 2048w, https:\/\/simagroup.tr\/steelco\/wp-content\/uploads\/2025\/12\/Ekran-Resmi-2025-12-28-22.19.18-512x255.png 512w, https:\/\/simagroup.tr\/steelco\/wp-content\/uploads\/2025\/12\/Ekran-Resmi-2025-12-28-22.19.18-950x474.png 950w, https:\/\/simagroup.tr\/steelco\/wp-content\/uploads\/2025\/12\/Ekran-Resmi-2025-12-28-22.19.18-1920x957.png 1920w, https:\/\/simagroup.tr\/steelco\/wp-content\/uploads\/2025\/12\/Ekran-Resmi-2025-12-28-22.19.18-800x399.png 800w\" sizes=\"(max-width: 900px) 100vw, 900px\" \/>\t\t\t\t\t\t\t\t\t\t\t\t\t\t\t<\/div>\n\t\t\t\t<\/div>\n\t\t\t\t\t<\/div>\n\t\t\t\t<\/div>\n\t\t\t\t<\/div>\n\t\t","protected":false},"excerpt":{"rendered":"<p>\u015eekillendirme ve B\u00fck\u00fcm \u015eekillendirme ve b\u00fck\u00fcm s\u00fcre\u00e7leri, \u00e7eli\u011fin yaln\u0131zca kesilmesini de\u011fil; projeye uygun forma sokulmas\u0131n\u0131 sa\u011flar. Bu a\u015fama, par\u00e7alar\u0131n sahada&#8230; <span class=\"qrt-el-more\"><a href=\"https:\/\/simagroup.tr\/steelco\/sekillendirme-ve-bukum\/\" class=\"qrt-link qrt-color-link qrt-cursor-scale qrt-w-chevron\">Read more<\/a><\/span><\/p>\n","protected":false},"author":1,"featured_media":0,"parent":0,"menu_order":0,"comment_status":"closed","ping_status":"closed","template":"","meta":{"_acf_changed":false,"footnotes":""},"class_list":["post-2256","page","type-page","status-publish","hentry"],"acf":[],"_links":{"self":[{"href":"https:\/\/simagroup.tr\/steelco\/wp-json\/wp\/v2\/pages\/2256","targetHints":{"allow":["GET"]}}],"collection":[{"href":"https:\/\/simagroup.tr\/steelco\/wp-json\/wp\/v2\/pages"}],"about":[{"href":"https:\/\/simagroup.tr\/steelco\/wp-json\/wp\/v2\/types\/page"}],"author":[{"embeddable":true,"href":"https:\/\/simagroup.tr\/steelco\/wp-json\/wp\/v2\/users\/1"}],"replies":[{"embeddable":true,"href":"https:\/\/simagroup.tr\/steelco\/wp-json\/wp\/v2\/comments?post=2256"}],"version-history":[{"count":4,"href":"https:\/\/simagroup.tr\/steelco\/wp-json\/wp\/v2\/pages\/2256\/revisions"}],"predecessor-version":[{"id":2344,"href":"https:\/\/simagroup.tr\/steelco\/wp-json\/wp\/v2\/pages\/2256\/revisions\/2344"}],"wp:attachment":[{"href":"https:\/\/simagroup.tr\/steelco\/wp-json\/wp\/v2\/media?parent=2256"}],"curies":[{"name":"wp","href":"https:\/\/api.w.org\/{rel}","templated":true}]}}