{"id":2254,"date":"2025-12-28T20:03:27","date_gmt":"2025-12-28T17:03:27","guid":{"rendered":"https:\/\/simagroup.tr\/steelco\/?page_id=2254"},"modified":"2025-12-29T10:40:18","modified_gmt":"2025-12-29T07:40:18","slug":"anahtar-teslim-endustriyel-insaat","status":"publish","type":"page","link":"https:\/\/simagroup.tr\/steelco\/anahtar-teslim-endustriyel-insaat\/","title":{"rendered":"Anahtar Teslim End\u00fcstriyel \u0130n\u015faat"},"content":{"rendered":"\t\t<div data-elementor-type=\"wp-page\" data-elementor-id=\"2254\" class=\"elementor elementor-2254\" data-elementor-settings=\"{&quot;ha_cmc_init_switcher&quot;:&quot;no&quot;}\" data-elementor-post-type=\"page\">\n\t\t\t\t<div class=\"elementor-element elementor-element-64cf7b02 e-con-full e-flex e-con e-parent\" data-id=\"64cf7b02\" data-element_type=\"container\" data-settings=\"{&quot;_ha_eqh_enable&quot;:false}\">\n\t\t\t\t<div class=\"elementor-element elementor-element-518d56a0 elementor-widget elementor-widget-image\" data-id=\"518d56a0\" data-element_type=\"widget\" data-widget_type=\"image.default\">\n\t\t\t\t<div class=\"elementor-widget-container\">\n\t\t\t\t\t\t\t\t\t\t\t\t\t\t\t<img fetchpriority=\"high\" decoding=\"async\" width=\"900\" height=\"375\" src=\"https:\/\/simagroup.tr\/steelco\/wp-content\/uploads\/2025\/12\/Adsiz-tasarim-47-1024x427-1.jpg\" class=\"attachment-large size-large wp-image-2332\" alt=\"\" srcset=\"https:\/\/simagroup.tr\/steelco\/wp-content\/uploads\/2025\/12\/Adsiz-tasarim-47-1024x427-1.jpg 1024w, https:\/\/simagroup.tr\/steelco\/wp-content\/uploads\/2025\/12\/Adsiz-tasarim-47-1024x427-1-300x125.jpg 300w, https:\/\/simagroup.tr\/steelco\/wp-content\/uploads\/2025\/12\/Adsiz-tasarim-47-1024x427-1-768x320.jpg 768w, https:\/\/simagroup.tr\/steelco\/wp-content\/uploads\/2025\/12\/Adsiz-tasarim-47-1024x427-1-512x214.jpg 512w, https:\/\/simagroup.tr\/steelco\/wp-content\/uploads\/2025\/12\/Adsiz-tasarim-47-1024x427-1-950x396.jpg 950w, https:\/\/simagroup.tr\/steelco\/wp-content\/uploads\/2025\/12\/Adsiz-tasarim-47-1024x427-1-800x334.jpg 800w\" sizes=\"(max-width: 900px) 100vw, 900px\" \/>\t\t\t\t\t\t\t\t\t\t\t\t\t\t\t<\/div>\n\t\t\t\t<\/div>\n\t\t\t\t<\/div>\n\t\t\t\t<section class=\"elementor-section elementor-top-section elementor-element elementor-element-771c94b2 elementor-section-full_width elementor-section-height-default elementor-section-height-default\" data-id=\"771c94b2\" data-element_type=\"section\" data-settings=\"{&quot;_ha_eqh_enable&quot;:false}\">\n\t\t\t\t\t\t<div class=\"elementor-container elementor-column-gap-no\">\n\t\t\t\t\t<div class=\"elementor-column elementor-col-50 elementor-top-column elementor-element elementor-element-3988f600\" data-id=\"3988f600\" data-element_type=\"column\">\n\t\t\t<div class=\"elementor-widget-wrap elementor-element-populated\">\n\t\t\t\t\t\t<div class=\"elementor-element elementor-element-50fed0b6 elementor-widget elementor-widget-quarty-about-us\" data-id=\"50fed0b6\" data-element_type=\"widget\" data-widget_type=\"quarty-about-us.default\">\n\t\t\t\t<div class=\"elementor-widget-container\">\n\t\t\t\t\t\n\t\t<div class=\"qrt-section\">\n\t\t\t<div class=\"row\">\n\t          \t          <div class=\"col-lg-4\">\n\t            <h4 class=\"qrt-section-title\">\n\t            \t<span >\n\t          \t\t\tANAHTAR TESL\u0130M END\u00dcSTR\u0130YEL \u0130N\u015eAAT\t         \t\t<\/span>\n\t            <\/h4>\n\t          <\/div>\n\t          \t          \t          <div class=\"col-lg-8 qrt-section-description\">\n\t            \t<div >\n\t          \t\t\t<p data-start=\"287\" data-end=\"536\">Anahtar teslim end\u00fcstriyel in\u015faat hizmetlerimiz, yat\u0131r\u0131m s\u00fcrecinin t\u00fcm a\u015famalar\u0131n\u0131 tek elden y\u00f6netmeyi hedefler. Projelendirmeden saha uygulamas\u0131na, koordinasyondan teslim a\u015famas\u0131na kadar her ad\u0131m\u0131 planl\u0131, kontroll\u00fc ve \u00f6l\u00e7\u00fclebilir \u015fekilde y\u00fcr\u00fct\u00fcr\u00fcz.<\/p><p data-start=\"538\" data-end=\"671\">M\u00fc\u015fterilerimiz i\u00e7in en b\u00fcy\u00fck avantaj; farkl\u0131 disiplinlerle u\u011fra\u015fmak zorunda kalmadan,\u00a0<strong data-start=\"624\" data-end=\"656\">tek muhatapla, net bir sonu\u00e7<\/strong>\u00a0elde etmektir.<\/p>\t         \t\t<\/div>\n\t          <\/div>\n\t          \t        <\/div>\n\t    <\/div>\n\n\t\t\t\t\t\t<\/div>\n\t\t\t\t<\/div>\n\t\t\t\t\t<\/div>\n\t\t<\/div>\n\t\t\t\t<div class=\"elementor-column elementor-col-50 elementor-top-column elementor-element elementor-element-54222c9\" data-id=\"54222c9\" data-element_type=\"column\">\n\t\t\t<div class=\"elementor-widget-wrap elementor-element-populated\">\n\t\t\t\t\t\t<div class=\"elementor-element elementor-element-159c005 elementor-widget__width-initial elementor-widget elementor-widget-quarty-about-us\" data-id=\"159c005\" data-element_type=\"widget\" data-widget_type=\"quarty-about-us.default\">\n\t\t\t\t<div class=\"elementor-widget-container\">\n\t\t\t\t\t\n\t\t<div class=\"qrt-section\">\n\t\t\t<div class=\"row\">\n\t          \t          <div class=\"col-lg-4\">\n\t            <h4 class=\"qrt-section-title\">\n\t            \t<span >\n\t          \t\t\tEnd\u00fcstriyel Yat\u0131r\u0131mlar \u0130\u00e7in B\u00fct\u00fcnc\u00fcl Yakla\u015f\u0131m\t         \t\t<\/span>\n\t            <\/h4>\n\t          <\/div>\n\t          \t          \t          <div class=\"col-lg-8 qrt-section-description\">\n\t            \t<div >\n\t          \t\t\t<p data-start=\"728\" data-end=\"951\">End\u00fcstriyel projeler, yaln\u0131zca yap\u0131 \u00fcretmekten ibaret de\u011fildir. Zaman, maliyet ve operasyonel s\u00fcreklilik; en az yap\u0131 kadar kritiktir. Bu nedenle anahtar teslim projelerde t\u00fcm s\u00fcreci b\u00fct\u00fcnc\u00fcl bir bak\u0131\u015f a\u00e7\u0131s\u0131yla ele al\u0131yoruz.<\/p><p data-start=\"953\" data-end=\"990\">Fabrika, depo ve \u00fcretim tesislerinde;<\/p><ul data-start=\"991\" data-end=\"1072\"><li data-start=\"991\" data-end=\"1014\"><p data-start=\"993\" data-end=\"1014\">Proje koordinasyonu<\/p><\/li><li data-start=\"1015\" data-end=\"1044\"><p data-start=\"1017\" data-end=\"1044\">\u0130malat ve saha planlamas\u0131<\/p><\/li><li data-start=\"1045\" data-end=\"1072\"><p data-start=\"1047\" data-end=\"1072\">Zaman ve b\u00fct\u00e7e kontrol\u00fc<\/p><\/li><\/ul><p data-start=\"1074\" data-end=\"1098\">tek merkezden y\u00f6netilir.<\/p>\t         \t\t<\/div>\n\t          <\/div>\n\t          \t        <\/div>\n\t    <\/div>\n\n\t\t\t\t\t\t<\/div>\n\t\t\t\t<\/div>\n\t\t\t\t\t<\/div>\n\t\t<\/div>\n\t\t\t\t\t<\/div>\n\t\t<\/section>\n\t\t<div class=\"elementor-element elementor-element-79970b55 e-flex e-con-boxed e-con e-parent\" data-id=\"79970b55\" data-element_type=\"container\" data-settings=\"{&quot;_ha_eqh_enable&quot;:false}\">\n\t\t\t\t\t<div class=\"e-con-inner\">\n\t\t\t\t<div class=\"elementor-element elementor-element-4433f1b0 elementor-widget elementor-widget-image\" data-id=\"4433f1b0\" data-element_type=\"widget\" data-widget_type=\"image.default\">\n\t\t\t\t<div class=\"elementor-widget-container\">\n\t\t\t\t\t\t\t\t\t\t\t\t\t\t\t<img decoding=\"async\" width=\"900\" height=\"448\" src=\"https:\/\/simagroup.tr\/steelco\/wp-content\/uploads\/2025\/12\/Ekran-Resmi-2025-12-28-22.19.18-1024x510.png\" class=\"attachment-large size-large wp-image-2313\" alt=\"\" srcset=\"https:\/\/simagroup.tr\/steelco\/wp-content\/uploads\/2025\/12\/Ekran-Resmi-2025-12-28-22.19.18-1024x510.png 1024w, https:\/\/simagroup.tr\/steelco\/wp-content\/uploads\/2025\/12\/Ekran-Resmi-2025-12-28-22.19.18-300x150.png 300w, https:\/\/simagroup.tr\/steelco\/wp-content\/uploads\/2025\/12\/Ekran-Resmi-2025-12-28-22.19.18-768x383.png 768w, https:\/\/simagroup.tr\/steelco\/wp-content\/uploads\/2025\/12\/Ekran-Resmi-2025-12-28-22.19.18-1536x766.png 1536w, https:\/\/simagroup.tr\/steelco\/wp-content\/uploads\/2025\/12\/Ekran-Resmi-2025-12-28-22.19.18-2048x1021.png 2048w, https:\/\/simagroup.tr\/steelco\/wp-content\/uploads\/2025\/12\/Ekran-Resmi-2025-12-28-22.19.18-512x255.png 512w, https:\/\/simagroup.tr\/steelco\/wp-content\/uploads\/2025\/12\/Ekran-Resmi-2025-12-28-22.19.18-950x474.png 950w, https:\/\/simagroup.tr\/steelco\/wp-content\/uploads\/2025\/12\/Ekran-Resmi-2025-12-28-22.19.18-1920x957.png 1920w, https:\/\/simagroup.tr\/steelco\/wp-content\/uploads\/2025\/12\/Ekran-Resmi-2025-12-28-22.19.18-800x399.png 800w\" sizes=\"(max-width: 900px) 100vw, 900px\" \/>\t\t\t\t\t\t\t\t\t\t\t\t\t\t\t<\/div>\n\t\t\t\t<\/div>\n\t\t\t\t\t<\/div>\n\t\t\t\t<\/div>\n\t\t\t\t<\/div>\n\t\t","protected":false},"excerpt":{"rendered":"<p>ANAHTAR TESL\u0130M END\u00dcSTR\u0130YEL \u0130N\u015eAAT Anahtar teslim end\u00fcstriyel in\u015faat hizmetlerimiz, yat\u0131r\u0131m s\u00fcrecinin t\u00fcm a\u015famalar\u0131n\u0131 tek elden y\u00f6netmeyi hedefler. Projelendirmeden saha uygulamas\u0131na,&#8230; <span class=\"qrt-el-more\"><a href=\"https:\/\/simagroup.tr\/steelco\/anahtar-teslim-endustriyel-insaat\/\" class=\"qrt-link qrt-color-link qrt-cursor-scale qrt-w-chevron\">Read more<\/a><\/span><\/p>\n","protected":false},"author":1,"featured_media":0,"parent":0,"menu_order":0,"comment_status":"closed","ping_status":"closed","template":"","meta":{"_acf_changed":false,"footnotes":""},"class_list":["post-2254","page","type-page","status-publish","hentry"],"acf":[],"_links":{"self":[{"href":"https:\/\/simagroup.tr\/steelco\/wp-json\/wp\/v2\/pages\/2254","targetHints":{"allow":["GET"]}}],"collection":[{"href":"https:\/\/simagroup.tr\/steelco\/wp-json\/wp\/v2\/pages"}],"about":[{"href":"https:\/\/simagroup.tr\/steelco\/wp-json\/wp\/v2\/types\/page"}],"author":[{"embeddable":true,"href":"https:\/\/simagroup.tr\/steelco\/wp-json\/wp\/v2\/users\/1"}],"replies":[{"embeddable":true,"href":"https:\/\/simagroup.tr\/steelco\/wp-json\/wp\/v2\/comments?post=2254"}],"version-history":[{"count":4,"href":"https:\/\/simagroup.tr\/steelco\/wp-json\/wp\/v2\/pages\/2254\/revisions"}],"predecessor-version":[{"id":2335,"href":"https:\/\/simagroup.tr\/steelco\/wp-json\/wp\/v2\/pages\/2254\/revisions\/2335"}],"wp:attachment":[{"href":"https:\/\/simagroup.tr\/steelco\/wp-json\/wp\/v2\/media?parent=2254"}],"curies":[{"name":"wp","href":"https:\/\/api.w.org\/{rel}","templated":true}]}}