{"id":405,"date":"2020-09-24T13:23:29","date_gmt":"2020-09-24T13:23:29","guid":{"rendered":"https:\/\/quarty-demo.bslthemes.com-demo\/?page_id=66"},"modified":"2025-12-25T23:54:43","modified_gmt":"2025-12-25T20:54:43","slug":"about-us-classic","status":"publish","type":"page","link":"https:\/\/simagroup.tr\/insaat\/about-us-classic\/","title":{"rendered":"About Us Classic"},"content":{"rendered":"\t\t<div data-elementor-type=\"wp-page\" data-elementor-id=\"405\" class=\"elementor elementor-405\" data-elementor-settings=\"{&quot;ha_cmc_init_switcher&quot;:&quot;no&quot;}\" data-elementor-post-type=\"page\">\n\t\t\t\t\t\t<section class=\"elementor-section elementor-top-section elementor-element elementor-element-09fb1b8 elementor-section-full_width elementor-section-height-default elementor-section-height-default\" data-id=\"09fb1b8\" data-element_type=\"section\" data-settings=\"{&quot;_ha_eqh_enable&quot;:false}\">\n\t\t\t\t\t\t<div class=\"elementor-container elementor-column-gap-no\">\n\t\t\t\t\t<div class=\"elementor-column elementor-col-100 elementor-top-column elementor-element elementor-element-a7ea650\" data-id=\"a7ea650\" data-element_type=\"column\">\n\t\t\t<div class=\"elementor-widget-wrap elementor-element-populated\">\n\t\t\t\t\t\t<div class=\"elementor-element elementor-element-0bf795e elementor-widget elementor-widget-quarty-banner\" data-id=\"0bf795e\" data-element_type=\"widget\" data-widget_type=\"quarty-banner.default\">\n\t\t\t\t<div class=\"elementor-widget-container\">\n\t\t\t\t\t\n\t\t<div class=\"row qrt-p-0-40\">\n          <div class=\"col-lg-12\">\n            <div class=\"qrt-page-cover\">\n                            <img decoding=\"async\" src=\"https:\/\/simagroup.tr\/insaat\/wp-content\/uploads\/2025\/12\/50802simacephe-hakkimizda-1.jpg\" alt=\"\" \/>\n                                          <div class=\"qrt-hint-frame\">\n                <div class=\"qrt-scroll-hint\">\n                  <span><\/span>\n                <\/div>\n              <\/div>\n          \t                            <\/div>\n          <\/div>\n        <\/div>\n\n\t\t\t\t\t\t<\/div>\n\t\t\t\t<\/div>\n\t\t\t\t\t<\/div>\n\t\t<\/div>\n\t\t\t\t\t<\/div>\n\t\t<\/section>\n\t\t\t\t<section class=\"elementor-section elementor-top-section elementor-element elementor-element-b13de92 elementor-section-full_width elementor-section-height-default elementor-section-height-default\" data-id=\"b13de92\" data-element_type=\"section\" data-settings=\"{&quot;_ha_eqh_enable&quot;:false}\">\n\t\t\t\t\t\t<div class=\"elementor-container elementor-column-gap-no\">\n\t\t\t\t\t<div class=\"elementor-column elementor-col-100 elementor-top-column elementor-element elementor-element-2a40d7b\" data-id=\"2a40d7b\" data-element_type=\"column\">\n\t\t\t<div class=\"elementor-widget-wrap elementor-element-populated\">\n\t\t\t\t\t\t<div class=\"elementor-element elementor-element-5831ef8 elementor-widget elementor-widget-quarty-about-us\" data-id=\"5831ef8\" data-element_type=\"widget\" data-widget_type=\"quarty-about-us.default\">\n\t\t\t\t<div class=\"elementor-widget-container\">\n\t\t\t\t\t\n\t\t<div class=\"qrt-section\">\n\t\t\t<div class=\"row\">\n\t          \t          <div class=\"col-lg-4\">\n\t            <h3 class=\"qrt-section-title\">\n\t            \t<span >\n\t          \t\t\tHakk\u0131m\u0131zda\t         \t\t<\/span>\n\t            <\/h3>\n\t          <\/div>\n\t          \t          \t          <div class=\"col-lg-8 qrt-section-description\">\n\t            \t<div >\n\t          \t\t\t2000 y\u0131l\u0131na kadar uzanan bir ge\u00e7mi\u015fe sahip olan, Sima Cephe m\u00fc\u015fterilerinin kesin gereksinimlerini kar\u015f\u0131lamak \u00fczere, tasarlanm\u0131\u015f en kapsaml\u0131 yenilik\u00e7i ve g\u00fcvenilir g\u00fc\u00e7 \u00e7\u00f6z\u00fcmleri yelpazesini sunarak m\u00fchendislik m\u00fckemmelli\u011fi standartlar\u0131n\u0131 belirlemeyi hedef edinen bir \u00e7\u00f6z\u00fcm orta\u011f\u0131 olduk.\n\nSima misyonu, i\u015f felsefemizi ortaya koyuyor: Rekabet\u00e7i ve g\u00fcvenilir end\u00fcstriyel g\u00fc\u00e7 \u00e7\u00f6z\u00fcmleri sa\u011flayarak m\u00fc\u015fterilerimiz ve distrib\u00fct\u00f6rlerimiz    i\u00e7in de\u011fer yarat\u0131yoruz, her zaman m\u00fcnhas\u0131ran sadece mimari tasar\u0131ma ve \u00fcretimine odakland\u0131k. Bunun \u00f6tesinde spesifik ve \u00f6zel olan yap\u0131larda imzam\u0131z\u0131n ta\u015f\u0131nmas\u0131 her zaman bizim i\u00e7in gurur  niteli\u011findedir. Benzersiz teknoloji entegrasyon fabrikam\u0131zda \u00f6zel makinelerimizle en iyi \u015fekilde entegre belirlemek i\u00e7in sizinle birlikte \u00e7al\u0131\u015f\u0131yoruz. Bu size zaman ve ekonomik tasarrufu sa\u011flar sa\u011flam, g\u00fcvenilir ve hassas bir \u015fekilde optimize edilmi\u015f bir f\u0131rsat sunar. \n\nSima Cephe D\u0131\u015f Tic. A.\u015e ve Sima Al\u00fcminyum \u0130n\u015f. olarak m\u00fc\u015fterilerimiz yapt\u0131\u011f\u0131m\u0131z her\u015feyin merkezinde yer al\u0131r. \u0130n\u015faat sekt\u00f6r\u00fcnde belirledi\u011fi hedef; Deneyimli Teknik personel unsurunu ileri teknolojiyi ve kaliteli \u00fcr\u00fcn\u00fc kullanarak, m\u00fc\u015fterilerimize hizmette kaliteyi s\u00fcrekli k\u0131lmakt\u0131r, sizin i\u00e7in yapt\u0131\u011f\u0131m\u0131z her\u015fey en y\u00fcksek uluslararas\u0131 standartlard\u0131r. \t         \t\t<\/div>\n\t          <\/div>\n\t          \t        <\/div>\n\t    <\/div>\n\n\t\t\t\t\t\t<\/div>\n\t\t\t\t<\/div>\n\t\t\t\t\t<\/div>\n\t\t<\/div>\n\t\t\t\t\t<\/div>\n\t\t<\/section>\n\t\t\t\t<section class=\"elementor-section elementor-top-section elementor-element elementor-element-0d96a76 elementor-section-full_width elementor-section-height-default elementor-section-height-default\" data-id=\"0d96a76\" data-element_type=\"section\" data-settings=\"{&quot;_ha_eqh_enable&quot;:false}\">\n\t\t\t\t\t\t<div class=\"elementor-container elementor-column-gap-no\">\n\t\t\t\t\t<div class=\"elementor-column elementor-col-100 elementor-top-column elementor-element elementor-element-bd16f0a\" data-id=\"bd16f0a\" data-element_type=\"column\">\n\t\t\t<div class=\"elementor-widget-wrap\">\n\t\t\t\t\t\t\t<\/div>\n\t\t<\/div>\n\t\t\t\t\t<\/div>\n\t\t<\/section>\n\t\t\t\t<section class=\"elementor-section elementor-top-section elementor-element elementor-element-aa38a97 elementor-section-full_width elementor-section-height-default elementor-section-height-default\" data-id=\"aa38a97\" data-element_type=\"section\" data-settings=\"{&quot;_ha_eqh_enable&quot;:false}\">\n\t\t\t\t\t\t<div class=\"elementor-container elementor-column-gap-no\">\n\t\t\t\t\t<div class=\"elementor-column elementor-col-100 elementor-top-column elementor-element elementor-element-9d70e0a\" data-id=\"9d70e0a\" data-element_type=\"column\">\n\t\t\t<div class=\"elementor-widget-wrap elementor-element-populated\">\n\t\t\t\t\t\t<div class=\"elementor-element elementor-element-2ae7cd3 elementor-widget elementor-widget-quarty-numbers\" data-id=\"2ae7cd3\" data-element_type=\"widget\" data-widget_type=\"quarty-numbers.default\">\n\t\t\t\t<div class=\"elementor-widget-container\">\n\t\t\t\t\t\n\t\t\t\t<div class=\"qrt-section qrt-section-sf\">\n\t\t\t<div class=\"row\">\n\t          \t          <div class=\"col-lg-3 col-sm-6\">\n\n\t            <div class=\"qrt-counter-frame\">\n\t              <div class=\"qrt-counter-box\">\n\t                <span class=\"qrt-counter\">\n\t                \t<span >\n\t\t        \t\t\t10\t\t        \t\t<\/span>\n\t                <\/span>\n\t                \t\t        \t<span class=\"qrt-counter-plus\">+<\/span>\n\t\t    \t\t\t              <\/div>\n\t              <h5>\n\t              \t<span >\n\t        \t\t\tYears Experience\t        \t\t<\/span>\n\t              <\/h5>\n\t            <\/div>\n\n\t          <\/div>\n\t          \t          <div class=\"col-lg-3 col-sm-6\">\n\n\t            <div class=\"qrt-counter-frame\">\n\t              <div class=\"qrt-counter-box\">\n\t                <span class=\"qrt-counter\">\n\t                \t<span >\n\t\t        \t\t\t143\t\t        \t\t<\/span>\n\t                <\/span>\n\t                \t              <\/div>\n\t              <h5>\n\t              \t<span >\n\t        \t\t\tCompleted Projects\t        \t\t<\/span>\n\t              <\/h5>\n\t            <\/div>\n\n\t          <\/div>\n\t          \t          <div class=\"col-lg-3 col-sm-6\">\n\n\t            <div class=\"qrt-counter-frame\">\n\t              <div class=\"qrt-counter-box\">\n\t                <span class=\"qrt-counter\">\n\t                \t<span >\n\t\t        \t\t\t114\t\t        \t\t<\/span>\n\t                <\/span>\n\t                \t              <\/div>\n\t              <h5>\n\t              \t<span >\n\t        \t\t\tHappy Customers\t        \t\t<\/span>\n\t              <\/h5>\n\t            <\/div>\n\n\t          <\/div>\n\t          \t          <div class=\"col-lg-3 col-sm-6\">\n\n\t            <div class=\"qrt-counter-frame\">\n\t              <div class=\"qrt-counter-box\">\n\t                <span class=\"qrt-counter\">\n\t                \t<span >\n\t\t        \t\t\t20\t\t        \t\t<\/span>\n\t                <\/span>\n\t                \t\t        \t<span class=\"qrt-counter-plus\">+<\/span>\n\t\t    \t\t\t              <\/div>\n\t              <h5>\n\t              \t<span >\n\t        \t\t\tHonors and Awards\t        \t\t<\/span>\n\t              <\/h5>\n\t            <\/div>\n\n\t          <\/div>\n\t          \t        <\/div>\n\t    <\/div>\n\t    \n\t\t\t\t\t\t<\/div>\n\t\t\t\t<\/div>\n\t\t\t\t<div class=\"elementor-element elementor-element-b42eaf0 elementor-widget elementor-widget-quarty-cta\" data-id=\"b42eaf0\" data-element_type=\"widget\" data-widget_type=\"quarty-cta.default\">\n\t\t\t\t<div class=\"elementor-widget-container\">\n\t\t\t\t\t\n\t\t<div class=\"row\">\n          <div class=\"col-lg-12\">\n            <div class=\"qrt-call-to-action\">\n                            <h4>\n              \t<span >\n\t          \t\tProjeniz Mi Var?\t        \t<\/span>\n              <\/h4>\n                                          <a href=\"\/quarty\/contact\/\" class=\"qrt-btn qrt-btn-sm qrt-btn-color qrt-cursor-scale qrt-anima-link\">\n              \t<span >\n\t          \t\t\u0130let\u015fime ge\u00e7in\t        \t<\/span>\n              <\/a>\n                          <\/div>\n          <\/div>\n        <\/div>\n\n\t\t\t\t\t\t<\/div>\n\t\t\t\t<\/div>\n\t\t\t\t\t<\/div>\n\t\t<\/div>\n\t\t\t\t\t<\/div>\n\t\t<\/section>\n\t\t\t\t<\/div>\n\t\t","protected":false},"excerpt":{"rendered":"<p>Hakk\u0131m\u0131zda 2000 y\u0131l\u0131na kadar uzanan bir ge\u00e7mi\u015fe sahip olan, Sima Cephe m\u00fc\u015fterilerinin kesin gereksinimlerini kar\u015f\u0131lamak \u00fczere, tasarlanm\u0131\u015f en kapsaml\u0131 yenilik\u00e7i&#8230; <span class=\"qrt-el-more\"><a href=\"https:\/\/simagroup.tr\/insaat\/about-us-classic\/\" class=\"qrt-link qrt-color-link qrt-cursor-scale qrt-w-chevron\">Read more<\/a><\/span><\/p>\n","protected":false},"author":1,"featured_media":0,"parent":0,"menu_order":0,"comment_status":"closed","ping_status":"closed","template":"template-layout-builder.php","meta":{"_acf_changed":false,"footnotes":""},"class_list":["post-405","page","type-page","status-publish","hentry"],"acf":[],"_links":{"self":[{"href":"https:\/\/simagroup.tr\/insaat\/wp-json\/wp\/v2\/pages\/405","targetHints":{"allow":["GET"]}}],"collection":[{"href":"https:\/\/simagroup.tr\/insaat\/wp-json\/wp\/v2\/pages"}],"about":[{"href":"https:\/\/simagroup.tr\/insaat\/wp-json\/wp\/v2\/types\/page"}],"author":[{"embeddable":true,"href":"https:\/\/simagroup.tr\/insaat\/wp-json\/wp\/v2\/users\/1"}],"replies":[{"embeddable":true,"href":"https:\/\/simagroup.tr\/insaat\/wp-json\/wp\/v2\/comments?post=405"}],"version-history":[{"count":4,"href":"https:\/\/simagroup.tr\/insaat\/wp-json\/wp\/v2\/pages\/405\/revisions"}],"predecessor-version":[{"id":2203,"href":"https:\/\/simagroup.tr\/insaat\/wp-json\/wp\/v2\/pages\/405\/revisions\/2203"}],"wp:attachment":[{"href":"https:\/\/simagroup.tr\/insaat\/wp-json\/wp\/v2\/media?parent=405"}],"curies":[{"name":"wp","href":"https:\/\/api.w.org\/{rel}","templated":true}]}}