{"id":405,"date":"2020-09-24T13:23:29","date_gmt":"2020-09-24T13:23:29","guid":{"rendered":"https:\/\/quarty-demo.bslthemes.com-demo\/?page_id=66"},"modified":"2026-03-18T17:06:12","modified_gmt":"2026-03-18T14:06:12","slug":"about-us-classic","status":"publish","type":"page","link":"https:\/\/simagroup.tr\/cephe\/about-us-classic\/","title":{"rendered":"About Us Classic"},"content":{"rendered":"\t\t<div data-elementor-type=\"wp-page\" data-elementor-id=\"405\" class=\"elementor elementor-405\" data-elementor-settings=\"{&quot;ha_cmc_init_switcher&quot;:&quot;no&quot;}\" data-elementor-post-type=\"page\">\n\t\t\t\t<div class=\"elementor-element elementor-element-d260a0a e-flex e-con-boxed e-con e-parent\" data-id=\"d260a0a\" data-element_type=\"container\" data-settings=\"{&quot;_ha_eqh_enable&quot;:false}\">\n\t\t\t\t\t<div class=\"e-con-inner\">\n\t\t<div class=\"elementor-element elementor-element-52061f2 e-con-full e-flex e-con e-child\" data-id=\"52061f2\" data-element_type=\"container\" data-settings=\"{&quot;_ha_eqh_enable&quot;:false}\">\n\t\t\t\t<div class=\"elementor-element elementor-element-2db3e9f elementor-widget elementor-widget-heading\" data-id=\"2db3e9f\" data-element_type=\"widget\" data-widget_type=\"heading.default\">\n\t\t\t\t<div class=\"elementor-widget-container\">\n\t\t\t\t\t<h2 class=\"elementor-heading-title elementor-size-default\">Hakk\u0131m\u0131zda<\/h2>\t\t\t\t<\/div>\n\t\t\t\t<\/div>\n\t\t\t\t<\/div>\n\t\t<div class=\"elementor-element elementor-element-196ee10 e-con-full e-flex e-con e-child\" data-id=\"196ee10\" data-element_type=\"container\" data-settings=\"{&quot;_ha_eqh_enable&quot;:false}\">\n\t\t\t\t<div class=\"elementor-element elementor-element-bfdfe73 elementor-widget elementor-widget-text-editor\" data-id=\"bfdfe73\" data-element_type=\"widget\" data-widget_type=\"text-editor.default\">\n\t\t\t\t<div class=\"elementor-widget-container\">\n\t\t\t\t\t\t\t\t\t<p>\u00a0 Sima Cephe olarak, yap\u0131 sekt\u00f6r\u00fcnde estetik, dayan\u0131kl\u0131l\u0131k ve kaliteyi bir araya getiren \u00e7\u00f6z\u00fcmler sunmak amac\u0131yla faaliyet g\u00f6stermekteyiz. Kuruldu\u011fumuz g\u00fcnden bu yana, d\u0131\u015f cephe sistemleri alan\u0131nda edindi\u011fimiz tecr\u00fcbe ve uzman kadromuzla, projelerimize de\u011fer katmay\u0131 hedefliyoruz.<\/p><p>Modern mimari anlay\u0131\u015f\u0131 yak\u0131ndan takip ederek, her projeye \u00f6zg\u00fcn ve yenilik\u00e7i \u00e7\u00f6z\u00fcmler \u00fcretmekteyiz. Kulland\u0131\u011f\u0131m\u0131z y\u00fcksek kaliteli malzemeler ve titiz i\u015f\u00e7ilik sayesinde, uzun \u00f6m\u00fcrl\u00fc ve g\u00fcvenilir uygulamalar ger\u00e7ekle\u015ftiriyoruz.<\/p><p>M\u00fc\u015fteri memnuniyetini her zaman \u00f6n planda tutarak; proje tasar\u0131m\u0131ndan uygulama s\u00fcrecine kadar her a\u015famada \u015feffaf, \u00e7\u00f6z\u00fcm odakl\u0131 ve profesyonel bir hizmet sunuyoruz. Sima Cephe olarak amac\u0131m\u0131z, sadece yap\u0131lar in\u015fa etmek de\u011fil, ayn\u0131 zamanda ya\u015fam alanlar\u0131na de\u011fer katan estetik ve fonksiyonel d\u0131\u015f cepheler olu\u015fturmakt\u0131r.<\/p><p>Kalite, g\u00fcven ve s\u00fcrd\u00fcr\u00fclebilirlik ilkelerimiz do\u011frultusunda, sekt\u00f6rde fark yaratan projelere imza atmaya devam ediyoruz.<\/p>\t\t\t\t\t\t\t\t<\/div>\n\t\t\t\t<\/div>\n\t\t\t\t<\/div>\n\t\t\t\t\t<\/div>\n\t\t\t\t<\/div>\n\t\t\t\t<section class=\"elementor-section elementor-top-section elementor-element elementor-element-0d96a76 elementor-section-full_width elementor-section-height-default elementor-section-height-default\" data-id=\"0d96a76\" data-element_type=\"section\" data-settings=\"{&quot;_ha_eqh_enable&quot;:false}\">\n\t\t\t\t\t\t<div class=\"elementor-container elementor-column-gap-no\">\n\t\t\t\t\t<div class=\"elementor-column elementor-col-100 elementor-top-column elementor-element elementor-element-bd16f0a\" data-id=\"bd16f0a\" data-element_type=\"column\">\n\t\t\t<div class=\"elementor-widget-wrap elementor-element-populated\">\n\t\t\t\t\t\t<div class=\"elementor-element elementor-element-a9e7477 elementor-widget elementor-widget-image\" data-id=\"a9e7477\" data-element_type=\"widget\" data-widget_type=\"image.default\">\n\t\t\t\t<div class=\"elementor-widget-container\">\n\t\t\t\t\t\t\t\t\t\t\t\t\t\t\t<img fetchpriority=\"high\" decoding=\"async\" width=\"570\" height=\"665\" src=\"https:\/\/simagroup.tr\/cephe\/wp-content\/uploads\/2025\/12\/50802simacephe-hakkimizda-1.jpg\" class=\"attachment-large size-large wp-image-2200\" alt=\"\" srcset=\"https:\/\/simagroup.tr\/cephe\/wp-content\/uploads\/2025\/12\/50802simacephe-hakkimizda-1.jpg 570w, https:\/\/simagroup.tr\/cephe\/wp-content\/uploads\/2025\/12\/50802simacephe-hakkimizda-1-257x300.jpg 257w, https:\/\/simagroup.tr\/cephe\/wp-content\/uploads\/2025\/12\/50802simacephe-hakkimizda-1-439x512.jpg 439w\" sizes=\"(max-width: 570px) 100vw, 570px\" \/>\t\t\t\t\t\t\t\t\t\t\t\t\t\t\t<\/div>\n\t\t\t\t<\/div>\n\t\t\t\t\t<\/div>\n\t\t<\/div>\n\t\t\t\t\t<\/div>\n\t\t<\/section>\n\t\t\t\t<\/div>\n\t\t","protected":false},"excerpt":{"rendered":"<p>Hakk\u0131m\u0131zda \u00a0 Sima Cephe olarak, yap\u0131 sekt\u00f6r\u00fcnde estetik, dayan\u0131kl\u0131l\u0131k ve kaliteyi bir araya getiren \u00e7\u00f6z\u00fcmler sunmak amac\u0131yla faaliyet g\u00f6stermekteyiz. Kuruldu\u011fumuz&#8230; <span class=\"qrt-el-more\"><a href=\"https:\/\/simagroup.tr\/cephe\/about-us-classic\/\" class=\"qrt-link qrt-color-link qrt-cursor-scale qrt-w-chevron\">Read more<\/a><\/span><\/p>\n","protected":false},"author":1,"featured_media":0,"parent":0,"menu_order":0,"comment_status":"closed","ping_status":"closed","template":"template-layout-builder.php","meta":{"_acf_changed":false,"footnotes":""},"class_list":["post-405","page","type-page","status-publish","hentry"],"acf":[],"_links":{"self":[{"href":"https:\/\/simagroup.tr\/cephe\/wp-json\/wp\/v2\/pages\/405","targetHints":{"allow":["GET"]}}],"collection":[{"href":"https:\/\/simagroup.tr\/cephe\/wp-json\/wp\/v2\/pages"}],"about":[{"href":"https:\/\/simagroup.tr\/cephe\/wp-json\/wp\/v2\/types\/page"}],"author":[{"embeddable":true,"href":"https:\/\/simagroup.tr\/cephe\/wp-json\/wp\/v2\/users\/1"}],"replies":[{"embeddable":true,"href":"https:\/\/simagroup.tr\/cephe\/wp-json\/wp\/v2\/comments?post=405"}],"version-history":[{"count":16,"href":"https:\/\/simagroup.tr\/cephe\/wp-json\/wp\/v2\/pages\/405\/revisions"}],"predecessor-version":[{"id":2606,"href":"https:\/\/simagroup.tr\/cephe\/wp-json\/wp\/v2\/pages\/405\/revisions\/2606"}],"wp:attachment":[{"href":"https:\/\/simagroup.tr\/cephe\/wp-json\/wp\/v2\/media?parent=405"}],"curies":[{"name":"wp","href":"https:\/\/api.w.org\/{rel}","templated":true}]}}