{"id":2327,"date":"2025-12-26T02:06:18","date_gmt":"2025-12-25T23:06:18","guid":{"rendered":"https:\/\/simagroup.tr\/cephe\/?page_id=2327"},"modified":"2025-12-26T02:12:16","modified_gmt":"2025-12-25T23:12:16","slug":"hizmetler","status":"publish","type":"page","link":"https:\/\/simagroup.tr\/cephe\/hizmetler\/","title":{"rendered":"Hizmetler"},"content":{"rendered":"\t\t<div data-elementor-type=\"wp-page\" data-elementor-id=\"2327\" class=\"elementor elementor-2327\" data-elementor-settings=\"{&quot;ha_cmc_init_switcher&quot;:&quot;no&quot;}\" data-elementor-post-type=\"page\">\n\t\t\t\t\t\t<section class=\"elementor-section elementor-top-section elementor-element elementor-element-cf99277 elementor-section-full_width elementor-section-height-default elementor-section-height-default\" data-id=\"cf99277\" data-element_type=\"section\" data-settings=\"{&quot;_ha_eqh_enable&quot;:false}\">\n\t\t\t\t\t\t<div class=\"elementor-container elementor-column-gap-no\">\n\t\t\t\t\t<div class=\"elementor-column elementor-col-100 elementor-top-column elementor-element elementor-element-77018c53\" data-id=\"77018c53\" data-element_type=\"column\">\n\t\t\t<div class=\"elementor-widget-wrap elementor-element-populated\">\n\t\t\t\t\t\t<div class=\"elementor-element elementor-element-7695475b elementor-widget elementor-widget-quarty-about-us\" data-id=\"7695475b\" data-element_type=\"widget\" data-widget_type=\"quarty-about-us.default\">\n\t\t\t\t<div class=\"elementor-widget-container\">\n\t\t\t\t\t\n\t\t<div class=\"qrt-section\">\n\t\t\t<div class=\"row\">\n\t          \t          <div class=\"col-lg-4\">\n\t            <h3 class=\"qrt-section-title\">\n\t            \t<span >\n\t          \t\t\tSizin \u0130\u00e7in Ne Yapabilriz?\t         \t\t<\/span>\n\t            <\/h3>\n\t          <\/div>\n\t          \t          \t          <div class=\"col-lg-8 qrt-section-description\">\n\t            \t<div >\n\t          \t\t\t<p>2000 y\u0131l\u0131na kadar uzanan bir ge\u00e7mi\u015fe sahip olan, Sima Cephe m\u00fc\u015fterilerinin kesin gereksinimlerini kar\u015f\u0131lamak \u00fczere, tasarlanm\u0131\u015f en kapsaml\u0131 yenilik\u00e7i ve g\u00fcvenilir g\u00fc\u00e7 \u00e7\u00f6z\u00fcmleri yelpazesini sunarak m\u00fchendislik m\u00fckemmelli\u011fi standartlar\u0131n\u0131 belirlemeyi hedef edinen bir \u00e7\u00f6z\u00fcm orta\u011f\u0131 olduk.\u00a0<\/p>\t         \t\t<\/div>\n\t          <\/div>\n\t          \t        <\/div>\n\t    <\/div>\n\n\t\t\t\t\t\t<\/div>\n\t\t\t\t<\/div>\n\t\t\t\t\t<\/div>\n\t\t<\/div>\n\t\t\t\t\t<\/div>\n\t\t<\/section>\n\t\t\t\t<section class=\"elementor-section elementor-top-section elementor-element elementor-element-297aaeb8 elementor-section-full_width elementor-section-height-default elementor-section-height-default\" data-id=\"297aaeb8\" data-element_type=\"section\" data-settings=\"{&quot;_ha_eqh_enable&quot;:false}\">\n\t\t\t\t\t\t<div class=\"elementor-container elementor-column-gap-no\">\n\t\t\t\t\t<div class=\"elementor-column elementor-col-100 elementor-top-column elementor-element elementor-element-2b2701f2\" data-id=\"2b2701f2\" data-element_type=\"column\">\n\t\t\t<div class=\"elementor-widget-wrap elementor-element-populated\">\n\t\t\t\t\t\t<div class=\"elementor-element elementor-element-7c7b7de4 elementor-widget elementor-widget-quarty-services\" data-id=\"7c7b7de4\" data-element_type=\"widget\" data-widget_type=\"quarty-services.default\">\n\t\t\t\t<div class=\"elementor-widget-container\">\n\t\t\t\t\t\n\t\t<div class=\"qrt-section qrt-section-sf\">\n\t\t\t<div class=\"row\">\n\t\t\t                <div class=\"col-lg-12\">\n                <h3 class=\"qrt-mb-40 qrt-title-h\">\n                \t<span >\n\t\t          \t\tHizmetlerimiz\t\t         \t<\/span>\n                <\/h3>\n              <\/div>\n              \n                                          <div class=\"col-lg-4 qrt-service-item\">\n                <div class=\"qrt-icon-box\">\n                                    <img decoding=\"async\" class=\"mb-20\" src=\"https:\/\/simagroup.tr\/cephe\/wp-content\/uploads\/2021\/03\/icon-1.png\" alt=\"Al\u00fcminyum\">\n                  \n                                    <h4 class=\"mb-20 qrt-service-title\">\n                  \t<span >\n\t\t        \t\tAl\u00fcminyum\t\t        \t<\/span>\n                  <\/h4>\n                  \n                                    <div class=\"qrt-service-desc\">\n                  \t<div >\n\t\t        \t\t<p>Al\u00fcminyum g\u00fcm\u00fc\u015f renkte ve hafif bir metaldir. Kolay b\u00fck\u00fcm yap\u0131labilen ve istenilen \u015fekiller verilebilen bir malzeme olup, Genellikle dekoratif \u00a0meshlerde dekoratif dekoratif ama\u00e7l\u0131 kullan\u0131l\u0131r.\u00a0<\/p>\t\t          \t<\/div>\n\t\t          <\/div>\n                                  <\/div>\n              <\/div>\n                            <div class=\"col-lg-4 qrt-service-item\">\n                <div class=\"qrt-icon-box\">\n                                    <img decoding=\"async\" class=\"mb-20\" src=\"https:\/\/simagroup.tr\/cephe\/wp-content\/uploads\/2021\/03\/icon-2.png\" alt=\"Al\u00fcminyum Cephe\n\">\n                  \n                                    <h4 class=\"mb-20 qrt-service-title\">\n                  \t<span >\n\t\t        \t\tAl\u00fcminyum Cephe\n\t\t        \t<\/span>\n                  <\/h4>\n                  \n                                    <div class=\"qrt-service-desc\">\n                  \t<div >\n\t\t        \t\t<p>Al\u00fcminyum Cephe ad\u0131ndan da anla\u015f\u0131ld\u0131\u011f\u0131 \u00fczere Al\u00fcminyum Do\u011framlar\u0131n cephe \u00fczerinde Is\u0131 cam ile kombile edilmesi sistemidir.<\/p>\t\t          \t<\/div>\n\t\t          <\/div>\n                                  <\/div>\n              <\/div>\n                            <div class=\"col-lg-4 qrt-service-item\">\n                <div class=\"qrt-icon-box\">\n                                    <img decoding=\"async\" class=\"mb-20\" src=\"https:\/\/simagroup.tr\/cephe\/wp-content\/uploads\/2021\/03\/icon-3.png\" alt=\"A. Kompozit Panel\n\">\n                  \n                                    <h4 class=\"mb-20 qrt-service-title\">\n                  \t<span >\n\t\t        \t\tA. Kompozit Panel\n\t\t        \t<\/span>\n                  <\/h4>\n                  \n                                    <div class=\"qrt-service-desc\">\n                  \t<div >\n\t\t        \t\t<p>Al\u00fcminyum kompozit panel, iki y\u00fcz\u00fc al\u00fcminyum levha ile kapl\u0131 i\u00e7i polietilen dolgulu kompoze levhalar olup bir\u00e7ok renk se\u00e7ene\u011fine sahiptir.\u00a0<\/p>\t\t          \t<\/div>\n\t\t          <\/div>\n                                  <\/div>\n              <\/div>\n                                        <\/div>\n        <\/div>\n\n\t\t\t\t\t\t<\/div>\n\t\t\t\t<\/div>\n\t\t\t\t\t<\/div>\n\t\t<\/div>\n\t\t\t\t\t<\/div>\n\t\t<\/section>\n\t\t\t\t<section class=\"elementor-section elementor-top-section elementor-element elementor-element-c093851 elementor-section-full_width elementor-section-height-default elementor-section-height-default\" data-id=\"c093851\" data-element_type=\"section\" data-settings=\"{&quot;_ha_eqh_enable&quot;:false}\">\n\t\t\t\t\t\t<div class=\"elementor-container elementor-column-gap-no\">\n\t\t\t\t\t<div class=\"elementor-column elementor-col-100 elementor-top-column elementor-element elementor-element-589ba42\" data-id=\"589ba42\" data-element_type=\"column\">\n\t\t\t<div class=\"elementor-widget-wrap elementor-element-populated\">\n\t\t\t\t\t\t<div class=\"elementor-element elementor-element-0918312 elementor-widget elementor-widget-quarty-services\" data-id=\"0918312\" data-element_type=\"widget\" data-widget_type=\"quarty-services.default\">\n\t\t\t\t<div class=\"elementor-widget-container\">\n\t\t\t\t\t\n\t\t<div class=\"qrt-section qrt-section-sf\">\n\t\t\t<div class=\"row\">\n\t\t\t  \n                                          <div class=\"col-lg-4 qrt-service-item\">\n                <div class=\"qrt-icon-box\">\n                                    <img decoding=\"async\" class=\"mb-20\" src=\"https:\/\/simagroup.tr\/cephe\/wp-content\/uploads\/2021\/03\/icon-1.png\" alt=\"Transparan Cephe\n\">\n                  \n                                    <h4 class=\"mb-20 qrt-service-title\">\n                  \t<span >\n\t\t        \t\tTransparan Cephe\n\t\t        \t<\/span>\n                  <\/h4>\n                  \n                                    <div class=\"qrt-service-desc\">\n                  \t<div >\n\t\t        \t\t<p>Transparan cephe, mimari yap\u0131ya estetik bir g\u00f6r\u00fcn\u00fc\u015f sa\u011flayan giydirme cephe sistemidir. Transparan cephe ile g\u00fcn \u0131\u015f\u0131\u011f\u0131ndan en iyi \u015fekilde faydalan\u0131l\u0131r.<\/p>\t\t          \t<\/div>\n\t\t          <\/div>\n                                  <\/div>\n              <\/div>\n                            <div class=\"col-lg-4 qrt-service-item\">\n                <div class=\"qrt-icon-box\">\n                                    <img decoding=\"async\" class=\"mb-20\" src=\"https:\/\/simagroup.tr\/cephe\/wp-content\/uploads\/2021\/03\/icon-2.png\" alt=\"Skylight Sistem\n\">\n                  \n                                    <h4 class=\"mb-20 qrt-service-title\">\n                  \t<span >\n\t\t        \t\tSkylight Sistem\n\t\t        \t<\/span>\n                  <\/h4>\n                  \n                                    <div class=\"qrt-service-desc\">\n                  \t<div >\n\t\t        \t\t<p>Skylight Sistem; Karanl\u0131k ortamlar\u0131n, alanlar\u0131n ayd\u0131nlat\u0131lmas\u0131 ve g\u00fcne\u015f \u0131\u015f\u0131\u011f\u0131n\u0131 g\u00fcn boyunca bina i\u00e7erisine almas\u0131n\u0131 sa\u011flayan bir sistemdir. Mimari projeye uygun olarak \u00e7elik konstr\u00fcksiyona uygulanabilmesi tercih sebeplerini art\u0131rmaktad\u0131r.<\/p>\t\t          \t<\/div>\n\t\t          <\/div>\n                                  <\/div>\n              <\/div>\n                            <div class=\"col-lg-4 qrt-service-item\">\n                <div class=\"qrt-icon-box\">\n                                    <img decoding=\"async\" class=\"mb-20\" src=\"https:\/\/simagroup.tr\/cephe\/wp-content\/uploads\/2021\/03\/icon-3.png\" alt=\"Cam Sa\u00e7ak\n\">\n                  \n                                    <h4 class=\"mb-20 qrt-service-title\">\n                  \t<span >\n\t\t        \t\tCam Sa\u00e7ak\n\t\t        \t<\/span>\n                  <\/h4>\n                  \n                                    <div class=\"qrt-service-desc\">\n                  \t<div >\n\t\t        \t\t<p>Cam sa\u00e7aklar, yap\u0131ya uygun tasarlanarak paslanmaz malzemelerden \u00fcretilen sundurma \u00fcr\u00fcnleridir. Yap\u0131lar\u0131n giri\u015flerinde kullan\u0131c\u0131y\u0131 ya\u011fmur, g\u00fcne\u015f gibi d\u0131\u015f ko\u015fullardan korunmay\u0131 sa\u011flar.<\/p>\t\t          \t<\/div>\n\t\t          <\/div>\n                                  <\/div>\n              <\/div>\n                                        <\/div>\n        <\/div>\n\n\t\t\t\t\t\t<\/div>\n\t\t\t\t<\/div>\n\t\t\t\t\t<\/div>\n\t\t<\/div>\n\t\t\t\t\t<\/div>\n\t\t<\/section>\n\t\t\t\t<section class=\"elementor-section elementor-top-section elementor-element elementor-element-4841376d elementor-section-full_width elementor-section-height-default elementor-section-height-default\" data-id=\"4841376d\" data-element_type=\"section\" data-settings=\"{&quot;_ha_eqh_enable&quot;:false}\">\n\t\t\t\t\t\t<div class=\"elementor-container elementor-column-gap-no\">\n\t\t\t\t\t<div class=\"elementor-column elementor-col-100 elementor-top-column elementor-element elementor-element-5782c044\" data-id=\"5782c044\" data-element_type=\"column\">\n\t\t\t<div class=\"elementor-widget-wrap elementor-element-populated\">\n\t\t\t\t\t\t<div class=\"elementor-element elementor-element-495e6a2c elementor-widget elementor-widget-quarty-cta\" data-id=\"495e6a2c\" data-element_type=\"widget\" data-widget_type=\"quarty-cta.default\">\n\t\t\t\t<div class=\"elementor-widget-container\">\n\t\t\t\t\t\n\t\t<div class=\"row\">\n          <div class=\"col-lg-12\">\n            <div class=\"qrt-call-to-action\">\n                            <h4>\n              \t<span >\n\t          \t\tDo you have a project?\t        \t<\/span>\n              <\/h4>\n                                          <a href=\"\/quarty\/contact\/\" class=\"qrt-btn qrt-btn-sm qrt-btn-color qrt-cursor-scale qrt-anima-link\">\n              \t<span >\n\t          \t\tLet's discuss\t        \t<\/span>\n              <\/a>\n                          <\/div>\n          <\/div>\n        <\/div>\n\n\t\t\t\t\t\t<\/div>\n\t\t\t\t<\/div>\n\t\t\t\t\t<\/div>\n\t\t<\/div>\n\t\t\t\t\t<\/div>\n\t\t<\/section>\n\t\t\t\t<\/div>\n\t\t","protected":false},"excerpt":{"rendered":"<p>Sizin \u0130\u00e7in Ne Yapabilriz? 2000 y\u0131l\u0131na kadar uzanan bir ge\u00e7mi\u015fe sahip olan, Sima Cephe m\u00fc\u015fterilerinin kesin gereksinimlerini kar\u015f\u0131lamak \u00fczere, tasarlanm\u0131\u015f&#8230; <span class=\"qrt-el-more\"><a href=\"https:\/\/simagroup.tr\/cephe\/hizmetler\/\" class=\"qrt-link qrt-color-link qrt-cursor-scale qrt-w-chevron\">Read more<\/a><\/span><\/p>\n","protected":false},"author":1,"featured_media":0,"parent":0,"menu_order":0,"comment_status":"closed","ping_status":"closed","template":"elementor_header_footer","meta":{"_acf_changed":false,"footnotes":""},"class_list":["post-2327","page","type-page","status-publish","hentry"],"acf":[],"_links":{"self":[{"href":"https:\/\/simagroup.tr\/cephe\/wp-json\/wp\/v2\/pages\/2327","targetHints":{"allow":["GET"]}}],"collection":[{"href":"https:\/\/simagroup.tr\/cephe\/wp-json\/wp\/v2\/pages"}],"about":[{"href":"https:\/\/simagroup.tr\/cephe\/wp-json\/wp\/v2\/types\/page"}],"author":[{"embeddable":true,"href":"https:\/\/simagroup.tr\/cephe\/wp-json\/wp\/v2\/users\/1"}],"replies":[{"embeddable":true,"href":"https:\/\/simagroup.tr\/cephe\/wp-json\/wp\/v2\/comments?post=2327"}],"version-history":[{"count":4,"href":"https:\/\/simagroup.tr\/cephe\/wp-json\/wp\/v2\/pages\/2327\/revisions"}],"predecessor-version":[{"id":2334,"href":"https:\/\/simagroup.tr\/cephe\/wp-json\/wp\/v2\/pages\/2327\/revisions\/2334"}],"wp:attachment":[{"href":"https:\/\/simagroup.tr\/cephe\/wp-json\/wp\/v2\/media?parent=2327"}],"curies":[{"name":"wp","href":"https:\/\/api.w.org\/{rel}","templated":true}]}}