{"id":1953,"date":"2021-08-10T22:28:51","date_gmt":"2021-08-10T22:28:51","guid":{"rendered":"https:\/\/quarty-demo.bslthemes.com\/?page_id=1953"},"modified":"2026-03-18T16:49:05","modified_gmt":"2026-03-18T13:49:05","slug":"about-us","status":"publish","type":"page","link":"https:\/\/simagroup.tr\/cephe\/about-us\/","title":{"rendered":"About Us"},"content":{"rendered":"\t\t<div data-elementor-type=\"wp-page\" data-elementor-id=\"1953\" class=\"elementor elementor-1953\" data-elementor-settings=\"{&quot;ha_cmc_init_switcher&quot;:&quot;no&quot;}\" data-elementor-post-type=\"page\">\n\t\t\t\t\t\t<section class=\"elementor-section elementor-top-section elementor-element elementor-element-09fb1b8 elementor-section-full_width elementor-section-height-default elementor-section-height-default\" data-id=\"09fb1b8\" data-element_type=\"section\" data-settings=\"{&quot;_ha_eqh_enable&quot;:false}\">\n\t\t\t\t\t\t<div class=\"elementor-container elementor-column-gap-no\">\n\t\t\t\t\t<div class=\"elementor-column elementor-col-100 elementor-top-column elementor-element elementor-element-a7ea650\" data-id=\"a7ea650\" data-element_type=\"column\">\n\t\t\t<div class=\"elementor-widget-wrap elementor-element-populated\">\n\t\t\t\t\t\t<div class=\"elementor-element elementor-element-0bf795e elementor-widget elementor-widget-quarty-banner\" data-id=\"0bf795e\" data-element_type=\"widget\" data-widget_type=\"quarty-banner.default\">\n\t\t\t\t<div class=\"elementor-widget-container\">\n\t\t\t\t\t\n\t\t<div class=\"row qrt-p-0-40\">\n          <div class=\"col-lg-12\">\n            <div class=\"qrt-page-cover\">\n                            <img decoding=\"async\" src=\"https:\/\/simagroup.tr\/cephe\/wp-content\/uploads\/2021\/03\/cover1.jpg\" alt=\"\" \/>\n                                                      <\/div>\n          <\/div>\n        <\/div>\n\n\t\t\t\t\t\t<\/div>\n\t\t\t\t<\/div>\n\t\t\t\t\t<\/div>\n\t\t<\/div>\n\t\t\t\t\t<\/div>\n\t\t<\/section>\n\t\t\t\t<section class=\"elementor-section elementor-top-section elementor-element elementor-element-b13de92 elementor-section-full_width elementor-section-height-default elementor-section-height-default\" data-id=\"b13de92\" data-element_type=\"section\" data-settings=\"{&quot;_ha_eqh_enable&quot;:false}\">\n\t\t\t\t\t\t<div class=\"elementor-container elementor-column-gap-no\">\n\t\t\t\t\t<div class=\"elementor-column elementor-col-100 elementor-top-column elementor-element elementor-element-2a40d7b\" data-id=\"2a40d7b\" data-element_type=\"column\">\n\t\t\t<div class=\"elementor-widget-wrap elementor-element-populated\">\n\t\t\t\t\t\t<div class=\"elementor-element elementor-element-5831ef8 elementor-widget elementor-widget-quarty-about-us\" data-id=\"5831ef8\" data-element_type=\"widget\" data-widget_type=\"quarty-about-us.default\">\n\t\t\t\t<div class=\"elementor-widget-container\">\n\t\t\t\t\t\n\t\t<div class=\"qrt-section\">\n\t\t\t<div class=\"row\">\n\t          \t          <div class=\"col-lg-4\">\n\t            <h3 class=\"qrt-section-title\">\n\t            \t<span >\n\t          \t\t\tVizyon Misyon\t         \t\t<\/span>\n\t            <\/h3>\n\t          <\/div>\n\t          \t          \t          <div class=\"col-lg-8 qrt-section-description\">\n\t            \t<div >\n\t          \t\t\t<p>Vizyon<\/p><p>\u201cSima Cephe olarak, yenilik\u00e7i tasar\u0131m anlay\u0131\u015f\u0131m\u0131z ve kaliteli uygulamalar\u0131m\u0131zla yap\u0131 sekt\u00f6r\u00fcnde g\u00fcvenilir ve \u00f6nc\u00fc markalardan biri olmak; estetik ve dayan\u0131kl\u0131l\u0131\u011f\u0131 bir araya getirerek gelece\u011fin mimarisine y\u00f6n vermek.\u201d<\/p><p>\u00a0<\/p><p>Misyon<\/p><p>\u201cM\u00fc\u015fterilerimizin ihtiya\u00e7 ve beklentilerini en iyi \u015fekilde anlayarak, y\u00fcksek kaliteli malzeme ve uzman i\u015f\u00e7ilikle uzun \u00f6m\u00fcrl\u00fc, estetik ve s\u00fcrd\u00fcr\u00fclebilir cephe \u00e7\u00f6z\u00fcmleri sunmak; g\u00fcven, kalite ve m\u00fc\u015fteri memnuniyetini her zaman \u00f6n planda tutmak.\u201d<\/p>\t         \t\t<\/div>\n\t          <\/div>\n\t          \t        <\/div>\n\t    <\/div>\n\n\t\t\t\t\t\t<\/div>\n\t\t\t\t<\/div>\n\t\t\t\t\t<\/div>\n\t\t<\/div>\n\t\t\t\t\t<\/div>\n\t\t<\/section>\n\t\t\t\t<\/div>\n\t\t","protected":false},"excerpt":{"rendered":"<p>Vizyon Misyon Vizyon \u201cSima Cephe olarak, yenilik\u00e7i tasar\u0131m anlay\u0131\u015f\u0131m\u0131z ve kaliteli uygulamalar\u0131m\u0131zla yap\u0131 sekt\u00f6r\u00fcnde g\u00fcvenilir ve \u00f6nc\u00fc markalardan biri olmak;&#8230; <span class=\"qrt-el-more\"><a href=\"https:\/\/simagroup.tr\/cephe\/about-us\/\" class=\"qrt-link qrt-color-link qrt-cursor-scale qrt-w-chevron\">Read more<\/a><\/span><\/p>\n","protected":false},"author":1,"featured_media":0,"parent":0,"menu_order":0,"comment_status":"closed","ping_status":"closed","template":"template-layout-builder.php","meta":{"_acf_changed":false,"footnotes":""},"class_list":["post-1953","page","type-page","status-publish","hentry"],"acf":[],"_links":{"self":[{"href":"https:\/\/simagroup.tr\/cephe\/wp-json\/wp\/v2\/pages\/1953","targetHints":{"allow":["GET"]}}],"collection":[{"href":"https:\/\/simagroup.tr\/cephe\/wp-json\/wp\/v2\/pages"}],"about":[{"href":"https:\/\/simagroup.tr\/cephe\/wp-json\/wp\/v2\/types\/page"}],"author":[{"embeddable":true,"href":"https:\/\/simagroup.tr\/cephe\/wp-json\/wp\/v2\/users\/1"}],"replies":[{"embeddable":true,"href":"https:\/\/simagroup.tr\/cephe\/wp-json\/wp\/v2\/comments?post=1953"}],"version-history":[{"count":7,"href":"https:\/\/simagroup.tr\/cephe\/wp-json\/wp\/v2\/pages\/1953\/revisions"}],"predecessor-version":[{"id":2600,"href":"https:\/\/simagroup.tr\/cephe\/wp-json\/wp\/v2\/pages\/1953\/revisions\/2600"}],"wp:attachment":[{"href":"https:\/\/simagroup.tr\/cephe\/wp-json\/wp\/v2\/media?parent=1953"}],"curies":[{"name":"wp","href":"https:\/\/api.w.org\/{rel}","templated":true}]}}