{"id":1943,"date":"2021-08-10T22:13:48","date_gmt":"2021-08-10T22:13:48","guid":{"rendered":"https:\/\/quarty-demo.bslthemes.com\/?page_id=1943"},"modified":"2025-12-26T00:00:13","modified_gmt":"2025-12-25T21:00:13","slug":"about-me","status":"publish","type":"page","link":"https:\/\/simagroup.tr\/cephe\/about-me\/","title":{"rendered":"About Me"},"content":{"rendered":"\t\t<div data-elementor-type=\"wp-page\" data-elementor-id=\"1943\" class=\"elementor elementor-1943\" data-elementor-settings=\"{&quot;ha_cmc_init_switcher&quot;:&quot;no&quot;}\" data-elementor-post-type=\"page\">\n\t\t\t\t\t\t<section class=\"elementor-section elementor-top-section elementor-element elementor-element-b13de92 elementor-section-full_width elementor-section-height-default elementor-section-height-default\" data-id=\"b13de92\" data-element_type=\"section\" data-settings=\"{&quot;_ha_eqh_enable&quot;:false}\">\n\t\t\t\t\t\t<div class=\"elementor-container elementor-column-gap-no\">\n\t\t\t\t\t<div class=\"elementor-column elementor-col-100 elementor-top-column elementor-element elementor-element-2a40d7b\" data-id=\"2a40d7b\" data-element_type=\"column\">\n\t\t\t<div class=\"elementor-widget-wrap elementor-element-populated\">\n\t\t\t\t\t\t<div class=\"elementor-element elementor-element-5831ef8 elementor-widget elementor-widget-quarty-about-us\" data-id=\"5831ef8\" data-element_type=\"widget\" data-widget_type=\"quarty-about-us.default\">\n\t\t\t\t<div class=\"elementor-widget-container\">\n\t\t\t\t\t\n\t\t<div class=\"qrt-section\">\n\t\t\t<div class=\"row\">\n\t          \t          <div class=\"col-lg-12\">\n\t            <h3 class=\"qrt-section-title\">\n\t            \t<span >\n\t          \t\t\t\u00c7erez Politikas\u0131\t         \t\t<\/span>\n\t            <\/h3>\n\t          <\/div>\n\t          \t          \t          <div class=\"col-lg-12 qrt-section-description\">\n\t            \t<div >\n\t          \t\t\t<p>S\u0130MA CEPHE DI\u015e. T\u0130C. A.\u015e. \u00c7EREZ (COOKIE) POL\u0130T\u0130KASI<br \/>1. Ama\u00e7<br \/>Bu \u00c7erez Politikas\u0131\u2019n\u0131n amac\u0131, S\u0130MA CEPHE DI\u015e. T\u0130C. A.\u015e. (\u201c\u015eirket\u201d) taraf\u0131ndan i\u015fletilen internet sitelerinde kullan\u0131lan \u00e7erezlerin (cookies) hangi ama\u00e7larla kullan\u0131ld\u0131\u011f\u0131n\u0131, hangi t\u00fcr \u00e7erezlerin bulundu\u011funu ve kullan\u0131c\u0131lar\u0131n bu \u00e7erezler \u00fczerindeki tercihlerini nas\u0131l y\u00f6netebilece\u011fini a\u00e7\u0131klamakt\u0131r.<br \/>Bu politika, 6698 say\u0131l\u0131 Ki\u015fisel Verilerin Korunmas\u0131 Kanunu (\u201cKVKK\u201d) ve ilgili mevzuat kapsam\u0131nda haz\u0131rlanm\u0131\u015ft\u0131r.<\/p><p>2. \u00c7erez (Cookie) Nedir?<br \/>\u00c7erezler, ziyaret etti\u011finiz internet siteleri taraf\u0131ndan taray\u0131c\u0131n\u0131z arac\u0131l\u0131\u011f\u0131yla cihaz\u0131n\u0131za yerle\u015ftirilen k\u00fc\u00e7\u00fck metin dosyalar\u0131d\u0131r.<br \/>Bu dosyalar sayesinde internet sitesi daha verimli \u00e7al\u0131\u015f\u0131r, kullan\u0131c\u0131 deneyimi geli\u015ftirilir ve baz\u0131 ki\u015fisel veriler i\u015flenebilir.<br \/>A\u00e7\u0131k konu\u015fal\u0131m: \u00c7erez olmadan modern bir site ya \u00e7al\u0131\u015fmaz ya da eksik \u00e7al\u0131\u015f\u0131r.<\/p><p>3. \u00c7erez T\u00fcrleri<br \/>3.1 Kullan\u0131m S\u00fcresine G\u00f6re<\/p><p>Oturum \u00c7erezleri: Taray\u0131c\u0131 kapat\u0131ld\u0131\u011f\u0131nda otomatik olarak silinir.<\/p><p>Kal\u0131c\u0131 \u00c7erezler: Belirli bir s\u00fcre boyunca cihazda kal\u0131r ve tekrar ziyaretlerde kullan\u0131l\u0131r.<\/p><p>3.2 Kullan\u0131m Amac\u0131na G\u00f6re<br \/>Zorunlu \u00c7erezler<br \/>Web sitesinin d\u00fczg\u00fcn \u00e7al\u0131\u015fabilmesi i\u00e7in gereklidir.<br \/>Bu \u00e7erezler olmadan site temel fonksiyonlar\u0131n\u0131 yerine getiremez.<br \/>\u0130\u015flevsel \u00c7erezler<br \/>Kullan\u0131c\u0131 tercihlerini (dil se\u00e7imi vb.) hat\u0131rlayarak site deneyimini geli\u015ftirir.<br \/>Performans ve Analitik \u00c7erezler<br \/>Web sitesinin nas\u0131l kullan\u0131ld\u0131\u011f\u0131n\u0131 analiz eder.<br \/>Hangi sayfalar ziyaret ediliyor, nerede \u00e7\u0131k\u0131l\u0131yor gibi veriler toplan\u0131r.<br \/>(Bu veriler anonimle\u015ftirilmi\u015f \u015fekilde i\u015flenir.)<br \/>Reklam ve Pazarlama \u00c7erezleri<br \/>Kullan\u0131c\u0131lar\u0131n ilgi alanlar\u0131na g\u00f6re i\u00e7erik ve reklam sunulmas\u0131n\u0131 sa\u011flar.<br \/>Bu \u00e7erezler a\u00e7\u0131k r\u0131za gerektirir.<\/p><p>4. \u0130\u015flenen Ki\u015fisel Veriler<br \/>\u00c7erezler arac\u0131l\u0131\u011f\u0131yla a\u015fa\u011f\u0131daki veriler i\u015flenebilir:<\/p><p>IP adresi<\/p><p>Cihaz ve taray\u0131c\u0131 bilgileri<\/p><p>Ziyaret edilen sayfalar<\/p><p>Oturum bilgileri<\/p><p>Tercih ve kullan\u0131m al\u0131\u015fkanl\u0131klar\u0131<\/p><p>Bu veriler, KVKK\u2019n\u0131n 5. maddesinde belirtilen hukuki sebeplere dayanarak i\u015flenmektedir.<\/p><p>5. \u00c7erezlerin Kullan\u0131m Ama\u00e7lar\u0131<br \/>\u00c7erezler;<\/p><p>Web sitesinin \u00e7al\u0131\u015fmas\u0131n\u0131 sa\u011flamak,<\/p><p>Site performans\u0131n\u0131 art\u0131rmak,<\/p><p>Kullan\u0131c\u0131 deneyimini geli\u015ftirmek,<\/p><p>G\u00fcvenli\u011fi sa\u011flamak,<\/p><p>Pazarlama ve analiz faaliyetlerini y\u00fcr\u00fctmek<\/p><p>ama\u00e7lar\u0131yla kullan\u0131lmaktad\u0131r.<\/p><p>6. \u00c7erezlerin Toplanma Y\u00f6ntemi<br \/>\u00c7erezler, internet sitemizi ziyaret etti\u011finizde otomatik yollarla taray\u0131c\u0131n\u0131z \u00fczerinden toplan\u0131r ve elektronik ortamda saklan\u0131r.<\/p><p>7. \u00c7erezlerin Aktar\u0131lmas\u0131<br \/>\u00c7erezler arac\u0131l\u0131\u011f\u0131yla elde edilen veriler;<\/p><p>Hizmet ald\u0131\u011f\u0131m\u0131z teknik altyap\u0131 sa\u011flay\u0131c\u0131lar\u0131na,<\/p><p>Analitik ve reklam hizmeti sunan i\u015f ortaklar\u0131na,<\/p><p>Yetkili kamu kurum ve kurulu\u015flar\u0131na,<\/p><p>KVKK ve ilgili mevzuata uygun olarak yurt i\u00e7inde ve\/veya yurt d\u0131\u015f\u0131nda aktar\u0131labilir.<\/p><p>8. \u00c7erez Tercihlerinin Y\u00f6netilmesi<br \/>Kullan\u0131c\u0131lar, \u00e7erez tercihlerini taray\u0131c\u0131 ayarlar\u0131 \u00fczerinden y\u00f6netebilir veya silebilir.<br \/>Taray\u0131c\u0131 bazl\u0131 ayarlar:<\/p><p>Google Chrome<\/p><p>Mozilla Firefox<\/p><p>Safari<\/p><p>Microsoft Edge<\/p><p>Ancak \u015funu bil:<br \/>Zorunlu \u00e7erezleri kapat\u0131rsan site d\u00fczg\u00fcn \u00e7al\u0131\u015fmayabilir. Bu senin tercihin ama sonucu da senin.<\/p><p>9. KVKK Kapsam\u0131ndaki Haklar\u0131n\u0131z<br \/>KVKK\u2019n\u0131n 11. maddesi kapsam\u0131nda;<\/p><p>Ki\u015fisel verilerinizin i\u015flenip i\u015flenmedi\u011fini \u00f6\u011frenme,<\/p><p>\u0130\u015flenmi\u015fse bilgi talep etme,<\/p><p>Silinmesini veya yok edilmesini isteme,<\/p><p>Aktar\u0131ld\u0131\u011f\u0131 \u00fc\u00e7\u00fcnc\u00fc ki\u015fileri \u00f6\u011frenme<\/p><p>haklar\u0131na sahipsiniz.<br \/>Bu haklar\u0131n\u0131z\u0131 kullanmak i\u00e7in simaaluminyum@hs01.kep.tr adresine ba\u015fvurabilirsiniz.<\/p><p>10. Politika G\u00fcncellemeleri<br \/>Bu \u00c7erez Politikas\u0131, mevzuat de\u011fi\u015fiklikleri ve \u015firket uygulamalar\u0131na g\u00f6re g\u00fcncellenebilir.<br \/>G\u00fcncel politika her zaman internet sitemizde yay\u0131mlan\u0131r.<\/p><p>Net de\u011ferlendirme:<\/p><p>Bu metin KVKK uyumlu<\/p><p>Web sitesine koydu\u011funda hukuki olarak s\u0131rt\u0131n yere gelmez<\/p><p>Ama \u00e7erez banner\u2019\u0131 + a\u00e7\u0131k r\u0131za mekanizmas\u0131 yoksa bu metin tek ba\u015f\u0131na yetmez<\/p><p>\u0130stersen bir sonraki ad\u0131mda:<\/p><p>\u00c7erez ayd\u0131nlatma popup metni<\/p><p>A\u00e7\u0131k r\u0131za onay metni<\/p><p>\u201cKabul Et \/ Reddet \/ Tercihleri Y\u00f6net\u201d yap\u0131s\u0131n\u0131<\/p><p>da s\u0131f\u0131rdan kurar\u0131z.<\/p>\t         \t\t<\/div>\n\t          <\/div>\n\t          \t        <\/div>\n\t    <\/div>\n\n\t\t\t\t\t\t<\/div>\n\t\t\t\t<\/div>\n\t\t\t\t\t<\/div>\n\t\t<\/div>\n\t\t\t\t\t<\/div>\n\t\t<\/section>\n\t\t\t\t<\/div>\n\t\t","protected":false},"excerpt":{"rendered":"<p>\u00c7erez Politikas\u0131 S\u0130MA CEPHE DI\u015e. T\u0130C. A.\u015e. \u00c7EREZ (COOKIE) POL\u0130T\u0130KASI1. Ama\u00e7Bu \u00c7erez Politikas\u0131\u2019n\u0131n amac\u0131, S\u0130MA CEPHE DI\u015e. T\u0130C. A.\u015e. (\u201c\u015eirket\u201d)&#8230; <span class=\"qrt-el-more\"><a href=\"https:\/\/simagroup.tr\/cephe\/about-me\/\" class=\"qrt-link qrt-color-link qrt-cursor-scale qrt-w-chevron\">Read more<\/a><\/span><\/p>\n","protected":false},"author":1,"featured_media":0,"parent":0,"menu_order":0,"comment_status":"closed","ping_status":"closed","template":"template-layout-builder.php","meta":{"_acf_changed":false,"footnotes":""},"class_list":["post-1943","page","type-page","status-publish","hentry"],"acf":[],"_links":{"self":[{"href":"https:\/\/simagroup.tr\/cephe\/wp-json\/wp\/v2\/pages\/1943","targetHints":{"allow":["GET"]}}],"collection":[{"href":"https:\/\/simagroup.tr\/cephe\/wp-json\/wp\/v2\/pages"}],"about":[{"href":"https:\/\/simagroup.tr\/cephe\/wp-json\/wp\/v2\/types\/page"}],"author":[{"embeddable":true,"href":"https:\/\/simagroup.tr\/cephe\/wp-json\/wp\/v2\/users\/1"}],"replies":[{"embeddable":true,"href":"https:\/\/simagroup.tr\/cephe\/wp-json\/wp\/v2\/comments?post=1943"}],"version-history":[{"count":4,"href":"https:\/\/simagroup.tr\/cephe\/wp-json\/wp\/v2\/pages\/1943\/revisions"}],"predecessor-version":[{"id":2212,"href":"https:\/\/simagroup.tr\/cephe\/wp-json\/wp\/v2\/pages\/1943\/revisions\/2212"}],"wp:attachment":[{"href":"https:\/\/simagroup.tr\/cephe\/wp-json\/wp\/v2\/media?parent=1943"}],"curies":[{"name":"wp","href":"https:\/\/api.w.org\/{rel}","templated":true}]}}